{"id":573,"date":"2020-04-28T21:14:18","date_gmt":"2020-04-28T21:14:18","guid":{"rendered":"https:\/\/kristoflawgroup.com\/remisiones-de-abogados\/"},"modified":"2023-06-14T20:07:04","modified_gmt":"2023-06-14T20:07:04","slug":"remisiones-de-abogados","status":"publish","type":"page","link":"https:\/\/kristoflawgroup.com\/es\/remisiones-de-abogados\/","title":{"rendered":"Referencias de Abogados"},"content":{"rendered":"<div id='av_section_1'  class='avia-section av-72afq-0791205e0bf77f8e97fc78a63e31a6bd main_color avia-section-default avia-no-border-styling  avia-builder-el-0  avia-builder-el-no-sibling  avia-bg-style-scroll container_wrap sidebar_right'  ><div class='container av-section-cont-open' ><main  role=\"main\" itemprop=\"mainContentOfPage\"  class='template-page content  av-content-small alpha units'><div class='post-entry post-entry-type-page post-entry-573'><div class='entry-content-wrapper clearfix'>\n\n<style type=\"text\/css\" data-created_by=\"avia_inline_auto\" id=\"style-css-av-k9ak41ji-0170a744a5953600fa27f14447f50910\">\n#top .hr.hr-invisible.av-k9ak41ji-0170a744a5953600fa27f14447f50910{\nheight:10px;\n}\n<\/style>\n<div  class='hr av-k9ak41ji-0170a744a5953600fa27f14447f50910 hr-invisible  avia-builder-el-1  el_before_av_two_third  avia-builder-el-first '><span class='hr-inner '><span class=\"hr-inner-style\"><\/span><\/span><\/div>\n\n<style type=\"text\/css\" data-created_by=\"avia_inline_auto\" id=\"style-css-av-1b4v6-b7b11ecadf661dd1e9a2f31294729f9e\">\n.flex_column.av-1b4v6-b7b11ecadf661dd1e9a2f31294729f9e{\n-webkit-border-radius:0px 0px 0px 0px;\n-moz-border-radius:0px 0px 0px 0px;\nborder-radius:0px 0px 0px 0px;\npadding:0px 0px 0px 0px;\n}\n<\/style>\n<div  class='flex_column av-1b4v6-b7b11ecadf661dd1e9a2f31294729f9e av_two_third  avia-builder-el-2  el_after_av_hr  el_before_av_one_third  first flex_column_div av-zero-column-padding  '     ><section  class='av_textblock_section av-k9ak637p-925bdccb24254596447d3738f618b1b2 '   itemscope=\"itemscope\" itemtype=\"https:\/\/schema.org\/CreativeWork\" ><div class='avia_textblock'  itemprop=\"text\" ><h3>Referencias de Abogados<\/h3>\n<p>Igualemos las condiciones. No permita que los equipos de abogados y los recursos ilimitados de la compa\u00f1\u00eda de seguros impidan que su cliente obtenga justicia. Si usted es abogado demandante y necesita ayuda en esta batalla, pongase en contacto conmigo.<\/p>\n<p>Estar\u00e9 encantado de asistirle, ya sea examinando cuestiones o estrategias de manera informal o con un compromiso formal para ayudarle a litigar hasta el juicio y a lo largo de si mismo.<\/p>\n<p>Si usted tiene un caso que le gustar\u00eda o necesita referir, ya sea pre-litigio o despu\u00e9s de que el litigio ha comenzado, estar\u00eda honrado de ayudar y proporcionar una tarifa de referencia justa basada en la etapa en que se encuentra el caso.<\/p>\n<p>Los servicios de mediaci\u00f3n o arbitraje tambi\u00e9n est\u00e1n disponibles a precios razonables. P\u00f3ngase en contacto conmigo para hablar de disponibilidad y tarifas.<\/p>\n<\/div><\/section><\/div>\n<style type=\"text\/css\" data-created_by=\"avia_inline_auto\" id=\"style-css-av-8l0c2-0f43586694cab0fc47455f64b6647779\">\n.flex_column.av-8l0c2-0f43586694cab0fc47455f64b6647779{\n-webkit-border-radius:0px 0px 0px 0px;\n-moz-border-radius:0px 0px 0px 0px;\nborder-radius:0px 0px 0px 0px;\npadding:0px 0px 0px 0px;\n}\n<\/style>\n<div  class='flex_column av-8l0c2-0f43586694cab0fc47455f64b6647779 av_one_third  avia-builder-el-4  el_after_av_two_third  el_before_av_hr  flex_column_div av-zero-column-padding  '     ><p>\n<style type=\"text\/css\" data-created_by=\"avia_inline_auto\" id=\"style-css-av-k9ak561i-ed54d8fa4cb5187942a619b0d68905c1\">\n#top .hr.hr-invisible.av-k9ak561i-ed54d8fa4cb5187942a619b0d68905c1{\nheight:40px;\n}\n<\/style>\n<div  class='hr av-k9ak561i-ed54d8fa4cb5187942a619b0d68905c1 hr-invisible  avia-builder-el-5  el_before_av_image  avia-builder-el-first '><span class='hr-inner '><span class=\"hr-inner-style\"><\/span><\/span><\/div><br \/>\n\n<style type=\"text\/css\" data-created_by=\"avia_inline_auto\" id=\"style-css-av-k9ak4jmo-815f3031fc7c94f54e1526fc684d8519\">\n.avia-image-container.av-k9ak4jmo-815f3031fc7c94f54e1526fc684d8519 img.avia_image{\nbox-shadow:none;\n}\n.avia-image-container.av-k9ak4jmo-815f3031fc7c94f54e1526fc684d8519 .av-image-caption-overlay-center{\ncolor:#ffffff;\n}\n<\/style>\n<div  class='avia-image-container av-k9ak4jmo-815f3031fc7c94f54e1526fc684d8519 av-styling- avia-align-center  avia-builder-el-6  el_after_av_hr  avia-builder-el-last '   itemprop=\"image\" itemscope=\"itemscope\" itemtype=\"https:\/\/schema.org\/ImageObject\" ><div class=\"avia-image-container-inner\"><div class=\"avia-image-overlay-wrap\"><img decoding=\"async\" class='wp-image-547 avia-img-lazy-loading-not-547 avia_image ' src=\"https:\/\/kristoflawgroup.com\/wp-content\/uploads\/2020\/04\/10-930x1030.jpg\" alt='' title='10'  height=\"1030\" width=\"930\"  itemprop=\"thumbnailUrl\" srcset=\"https:\/\/kristoflawgroup.com\/wp-content\/uploads\/2020\/04\/10-930x1030.jpg 930w, https:\/\/kristoflawgroup.com\/wp-content\/uploads\/2020\/04\/10-271x300.jpg 271w, https:\/\/kristoflawgroup.com\/wp-content\/uploads\/2020\/04\/10-768x851.jpg 768w, https:\/\/kristoflawgroup.com\/wp-content\/uploads\/2020\/04\/10-636x705.jpg 636w, https:\/\/kristoflawgroup.com\/wp-content\/uploads\/2020\/04\/10.jpg 975w\" sizes=\"(max-width: 930px) 100vw, 930px\" \/><\/div><\/div><\/div><\/p><\/div>\n<style type=\"text\/css\" data-created_by=\"avia_inline_auto\" id=\"style-css-av-k9ak4wm3-053785b5cbdd752d1f2e703fedbf04a9\">\n#top .hr.hr-invisible.av-k9ak4wm3-053785b5cbdd752d1f2e703fedbf04a9{\nheight:120px;\n}\n<\/style>\n<div  class='hr av-k9ak4wm3-053785b5cbdd752d1f2e703fedbf04a9 hr-invisible  avia-builder-el-7  el_after_av_one_third  avia-builder-el-last '><span class='hr-inner '><span class=\"hr-inner-style\"><\/span><\/span><\/div>\n<\/div><\/div><\/main><!-- close content main element --><\/div><\/div><div id='after_section_1'  class='main_color av_default_container_wrap container_wrap sidebar_right'  ><div class='container av-section-cont-open' ><div class='template-page content  av-content-small alpha units'><div class='post-entry post-entry-type-page post-entry-573'><div class='entry-content-wrapper clearfix'>\n","protected":false},"excerpt":{"rendered":"","protected":false},"author":1,"featured_media":0,"parent":0,"menu_order":0,"comment_status":"closed","ping_status":"closed","template":"","meta":{"footnotes":""},"class_list":["post-573","page","type-page","status-publish","hentry"],"_links":{"self":[{"href":"https:\/\/kristoflawgroup.com\/es\/wp-json\/wp\/v2\/pages\/573","targetHints":{"allow":["GET"]}}],"collection":[{"href":"https:\/\/kristoflawgroup.com\/es\/wp-json\/wp\/v2\/pages"}],"about":[{"href":"https:\/\/kristoflawgroup.com\/es\/wp-json\/wp\/v2\/types\/page"}],"author":[{"embeddable":true,"href":"https:\/\/kristoflawgroup.com\/es\/wp-json\/wp\/v2\/users\/1"}],"replies":[{"embeddable":true,"href":"https:\/\/kristoflawgroup.com\/es\/wp-json\/wp\/v2\/comments?post=573"}],"version-history":[{"count":13,"href":"https:\/\/kristoflawgroup.com\/es\/wp-json\/wp\/v2\/pages\/573\/revisions"}],"predecessor-version":[{"id":716,"href":"https:\/\/kristoflawgroup.com\/es\/wp-json\/wp\/v2\/pages\/573\/revisions\/716"}],"wp:attachment":[{"href":"https:\/\/kristoflawgroup.com\/es\/wp-json\/wp\/v2\/media?parent=573"}],"curies":[{"name":"wp","href":"https:\/\/api.w.org\/{rel}","templated":true}]}}