{"id":580,"date":"2022-11-11T19:52:10","date_gmt":"2022-11-11T19:52:10","guid":{"rendered":"https:\/\/kristoflawgroup.com\/abogado-de-lesiones-personales-las-vegas\/"},"modified":"2023-06-20T20:16:04","modified_gmt":"2023-06-20T20:16:04","slug":"abogado-de-lesiones-personales-las-vegas","status":"publish","type":"page","link":"https:\/\/kristoflawgroup.com\/es\/abogado-de-lesiones-personales-las-vegas\/","title":{"rendered":"Blog"},"content":{"rendered":"<div  class='av-alb-blogposts template-blog  av-blog-meta-author-disabled av-blog-meta-comments-disabled av-blog-meta-category-disabled av-blog-meta-html-info-disabled av-blog-meta-tag-disabled '  itemscope=\"itemscope\" itemtype=\"https:\/\/schema.org\/Blog\" ><article class=\"post-entry post-entry-type-standard post-entry-892 post-loop-1 post-parity-odd single-big  post-892 post type-post status-publish format-standard hentry category-abogado-de-lesiones-personales-las-vegas\"  itemscope=\"itemscope\" itemtype=\"https:\/\/schema.org\/BlogPosting\" ><div class=\"blog-meta\"><\/div><div class='entry-content-wrapper clearfix standard-content'><header class=\"entry-content-header\"><h2 class='post-title entry-title '  itemprop=\"headline\" ><a href=\"https:\/\/kristoflawgroup.com\/es\/mas-grande-no-siempre-significa-mejor\/\" rel=\"bookmark\" title=\"Enlace permanente: M\u00c1S GRANDE NO SIEMPRE SIGNIFICA MEJOR\">M\u00c1S GRANDE NO SIEMPRE SIGNIFICA MEJOR<span class=\"post-format-icon minor-meta\"><\/span><\/a><\/h2><span class=\"post-meta-infos\"><time class=\"date-container minor-meta updated\"  itemprop=\"datePublished\" datetime=\"2024-07-15T16:46:00+00:00\" >julio 15, 2024<\/time><\/span><\/header><div class=\"entry-content\"  itemprop=\"text\" ><p>Como probablemente sigo siendo una adolescente de coraz\u00f3n, admito que me re\u00ed entre dientes cuando se me ocurri\u00f3 el t\u00edtulo de esta entrada del blog. Pero, sin duda, es apropiado dada la esencia de este post, independientemente de mi naturaleza casi juvenil. El mayor bufete de abogados de lesiones personales del pa\u00eds ha echado ra\u00edces [&hellip;]<\/p>\n<div class=\"read-more-link\"><a href=\"https:\/\/kristoflawgroup.com\/es\/mas-grande-no-siempre-significa-mejor\/\" class=\"more-link\">Leer m\u00e1s<span class=\"more-link-arrow\"><\/span><\/a><\/div>\n<\/div><footer class=\"entry-footer\"><\/footer><div class='post_delimiter'><\/div><\/div><div class=\"post_author_timeline\"><\/div><span class='hidden'>\n\t\t\t\t<span class='av-structured-data'  itemprop=\"image\" itemscope=\"itemscope\" itemtype=\"https:\/\/schema.org\/ImageObject\" >\n\t\t\t\t\t\t<span itemprop='url'>https:\/\/kristoflawgroup.com\/wp-content\/uploads\/2020\/04\/KLG4.png<\/span>\n\t\t\t\t\t\t<span itemprop='height'>0<\/span>\n\t\t\t\t\t\t<span itemprop='width'>0<\/span>\n\t\t\t\t<\/span>\n\t\t\t\t<span class='av-structured-data'  itemprop=\"publisher\" itemtype=\"https:\/\/schema.org\/Organization\" itemscope=\"itemscope\" >\n\t\t\t\t\t\t<span itemprop='name'>admin<\/span>\n\t\t\t\t\t\t<span itemprop='logo' itemscope itemtype='https:\/\/schema.org\/ImageObject'>\n\t\t\t\t\t\t\t<span itemprop='url'>https:\/\/kristoflawgroup.com\/wp-content\/uploads\/2020\/04\/KLG4.png<\/span>\n\t\t\t\t\t\t<\/span>\n\t\t\t\t<\/span><span class='av-structured-data'  itemprop=\"author\" itemscope=\"itemscope\" itemtype=\"https:\/\/schema.org\/Person\" ><span itemprop='name'>admin<\/span><\/span><span class='av-structured-data'  itemprop=\"datePublished\" datetime=\"2024-07-15T16:46:00+00:00\" >2024-07-15 16:46:00<\/span><span class='av-structured-data'  itemprop=\"dateModified\" itemtype=\"https:\/\/schema.org\/dateModified\" >2024-07-15 16:48:25<\/span><span class='av-structured-data'  itemprop=\"mainEntityOfPage\" itemtype=\"https:\/\/schema.org\/mainEntityOfPage\" ><span itemprop='name'>M\u00c1S GRANDE NO SIEMPRE SIGNIFICA MEJOR<\/span><\/span><\/span><\/article><article class=\"post-entry post-entry-type-standard post-entry-820 post-loop-2 post-parity-even single-big  post-820 post type-post status-publish format-standard hentry category-abogado-de-lesiones-personales-las-vegas\"  itemscope=\"itemscope\" itemtype=\"https:\/\/schema.org\/BlogPosting\" ><div class=\"blog-meta\"><\/div><div class='entry-content-wrapper clearfix standard-content'><header class=\"entry-content-header\"><h2 class='post-title entry-title '  itemprop=\"headline\" ><a href=\"https:\/\/kristoflawgroup.com\/es\/al-cerrar-el-libro-de-otro-ano\/\" rel=\"bookmark\" title=\"Enlace permanente: AL CERRAR EL CAPITULO DE OTRO A\u00d1O\u2026\">AL CERRAR EL CAPITULO DE OTRO A\u00d1O\u2026<span class=\"post-format-icon minor-meta\"><\/span><\/a><\/h2><span class=\"post-meta-infos\"><time class=\"date-container minor-meta updated\"  itemprop=\"datePublished\" datetime=\"2023-12-19T17:20:05+00:00\" >diciembre 19, 2023<\/time><\/span><\/header><div class=\"entry-content\"  itemprop=\"text\" ><p>Cuesta creer que el 2023 est\u00e9 llegando a su fin. Los a\u00f1os parecen pasar cada vez m\u00e1s r\u00e1pido con cada vuelta alrededor del sol. Me gustar\u00eda pensar que se aplica el viejo dicho \u00abel tiempo vuela cuando te diviertes\u00bb y por eso este a\u00f1o ha volado tan r\u00e1pido. Ha sido un gran a\u00f1o. Este a\u00f1o [&hellip;]<\/p>\n<div class=\"read-more-link\"><a href=\"https:\/\/kristoflawgroup.com\/es\/al-cerrar-el-libro-de-otro-ano\/\" class=\"more-link\">Leer m\u00e1s<span class=\"more-link-arrow\"><\/span><\/a><\/div>\n<\/div><footer class=\"entry-footer\"><\/footer><div class='post_delimiter'><\/div><\/div><div class=\"post_author_timeline\"><\/div><span class='hidden'>\n\t\t\t\t<span class='av-structured-data'  itemprop=\"image\" itemscope=\"itemscope\" itemtype=\"https:\/\/schema.org\/ImageObject\" >\n\t\t\t\t\t\t<span itemprop='url'>https:\/\/kristoflawgroup.com\/wp-content\/uploads\/2020\/04\/KLG4.png<\/span>\n\t\t\t\t\t\t<span itemprop='height'>0<\/span>\n\t\t\t\t\t\t<span itemprop='width'>0<\/span>\n\t\t\t\t<\/span>\n\t\t\t\t<span class='av-structured-data'  itemprop=\"publisher\" itemtype=\"https:\/\/schema.org\/Organization\" itemscope=\"itemscope\" >\n\t\t\t\t\t\t<span itemprop='name'>admin<\/span>\n\t\t\t\t\t\t<span itemprop='logo' itemscope itemtype='https:\/\/schema.org\/ImageObject'>\n\t\t\t\t\t\t\t<span itemprop='url'>https:\/\/kristoflawgroup.com\/wp-content\/uploads\/2020\/04\/KLG4.png<\/span>\n\t\t\t\t\t\t<\/span>\n\t\t\t\t<\/span><span class='av-structured-data'  itemprop=\"author\" itemscope=\"itemscope\" itemtype=\"https:\/\/schema.org\/Person\" ><span itemprop='name'>admin<\/span><\/span><span class='av-structured-data'  itemprop=\"datePublished\" datetime=\"2023-12-19T17:20:05+00:00\" >2023-12-19 17:20:05<\/span><span class='av-structured-data'  itemprop=\"dateModified\" itemtype=\"https:\/\/schema.org\/dateModified\" >2024-01-18 18:29:24<\/span><span class='av-structured-data'  itemprop=\"mainEntityOfPage\" itemtype=\"https:\/\/schema.org\/mainEntityOfPage\" ><span itemprop='name'>AL CERRAR EL CAPITULO DE OTRO A\u00d1O\u2026<\/span><\/span><\/span><\/article><article class=\"post-entry post-entry-type-standard post-entry-797 post-loop-3 post-parity-odd post-entry-last single-big  post-797 post type-post status-publish format-standard hentry category-abogado-de-lesiones-personales-las-vegas\"  itemscope=\"itemscope\" itemtype=\"https:\/\/schema.org\/BlogPosting\" ><div class=\"blog-meta\"><\/div><div class='entry-content-wrapper clearfix standard-content'><header class=\"entry-content-header\"><h2 class='post-title entry-title '  itemprop=\"headline\" ><a href=\"https:\/\/kristoflawgroup.com\/es\/es-el-mejor-de-los-tiempos-es-el-peor-de-los-tiempos\/\" rel=\"bookmark\" title=\"Enlace permanente: ES EL MEJOR DE LOS TIEMPOS, ES EL PEOR DE LOS TIEMPOS\">ES EL MEJOR DE LOS TIEMPOS, ES EL PEOR DE LOS TIEMPOS<span class=\"post-format-icon minor-meta\"><\/span><\/a><\/h2><span class=\"post-meta-infos\"><time class=\"date-container minor-meta updated\"  itemprop=\"datePublished\" datetime=\"2023-09-29T16:59:54+00:00\" >septiembre 29, 2023<\/time><\/span><\/header><div class=\"entry-content\"  itemprop=\"text\" ><p>Me encanta el oto\u00f1o. Es mi temporada favorita. El aire est\u00e1 fresco. Las hojas empiezan a cambiar de color en la Monta\u00f1a Charleston. El f\u00fatbol universitario y profesional comienza su temporada. Siempre me ha gustado el oto\u00f1o. Sin embargo, el oto\u00f1o, como todo, tiene sus defectos. Los defectos del oto\u00f1o no son culpa suya. El [&hellip;]<\/p>\n<div class=\"read-more-link\"><a href=\"https:\/\/kristoflawgroup.com\/es\/es-el-mejor-de-los-tiempos-es-el-peor-de-los-tiempos\/\" class=\"more-link\">Leer m\u00e1s<span class=\"more-link-arrow\"><\/span><\/a><\/div>\n<\/div><footer class=\"entry-footer\"><\/footer><div class='post_delimiter'><\/div><\/div><div class=\"post_author_timeline\"><\/div><span class='hidden'>\n\t\t\t\t<span class='av-structured-data'  itemprop=\"image\" itemscope=\"itemscope\" itemtype=\"https:\/\/schema.org\/ImageObject\" >\n\t\t\t\t\t\t<span itemprop='url'>https:\/\/kristoflawgroup.com\/wp-content\/uploads\/2020\/04\/KLG4.png<\/span>\n\t\t\t\t\t\t<span itemprop='height'>0<\/span>\n\t\t\t\t\t\t<span itemprop='width'>0<\/span>\n\t\t\t\t<\/span>\n\t\t\t\t<span class='av-structured-data'  itemprop=\"publisher\" itemtype=\"https:\/\/schema.org\/Organization\" itemscope=\"itemscope\" >\n\t\t\t\t\t\t<span itemprop='name'>admin<\/span>\n\t\t\t\t\t\t<span itemprop='logo' itemscope itemtype='https:\/\/schema.org\/ImageObject'>\n\t\t\t\t\t\t\t<span itemprop='url'>https:\/\/kristoflawgroup.com\/wp-content\/uploads\/2020\/04\/KLG4.png<\/span>\n\t\t\t\t\t\t<\/span>\n\t\t\t\t<\/span><span class='av-structured-data'  itemprop=\"author\" itemscope=\"itemscope\" itemtype=\"https:\/\/schema.org\/Person\" ><span itemprop='name'>admin<\/span><\/span><span class='av-structured-data'  itemprop=\"datePublished\" datetime=\"2023-09-29T16:59:54+00:00\" >2023-09-29 16:59:54<\/span><span class='av-structured-data'  itemprop=\"dateModified\" itemtype=\"https:\/\/schema.org\/dateModified\" >2023-10-17 15:55:01<\/span><span class='av-structured-data'  itemprop=\"mainEntityOfPage\" itemtype=\"https:\/\/schema.org\/mainEntityOfPage\" ><span itemprop='name'>ES EL MEJOR DE LOS TIEMPOS, ES EL PEOR DE LOS TIEMPOS<\/span><\/span><\/span><\/article><div class='single-big'><nav class='pagination'><span class='pagination-meta'>P\u00e1gina 1 de 6<\/span><span class='current'>1<\/span><a href='https:\/\/kristoflawgroup.com\/es\/wp-json\/wp\/v2\/pages\/580\/page\/2\/' class='inactive next_page' >2<\/a><a href='https:\/\/kristoflawgroup.com\/es\/wp-json\/wp\/v2\/pages\/580\/page\/3\/' class='inactive' >3<\/a><a href='https:\/\/kristoflawgroup.com\/es\/wp-json\/wp\/v2\/pages\/580\/page\/2\/'>&rsaquo;<\/a><a href='https:\/\/kristoflawgroup.com\/es\/wp-json\/wp\/v2\/pages\/580\/page\/6\/'>&raquo;<\/a><\/nav>\n<\/div><\/div>\n","protected":false},"excerpt":{"rendered":"","protected":false},"author":1,"featured_media":0,"parent":0,"menu_order":0,"comment_status":"closed","ping_status":"closed","template":"","meta":{"footnotes":""},"class_list":["post-580","page","type-page","status-publish","hentry"],"_links":{"self":[{"href":"https:\/\/kristoflawgroup.com\/es\/wp-json\/wp\/v2\/pages\/580","targetHints":{"allow":["GET"]}}],"collection":[{"href":"https:\/\/kristoflawgroup.com\/es\/wp-json\/wp\/v2\/pages"}],"about":[{"href":"https:\/\/kristoflawgroup.com\/es\/wp-json\/wp\/v2\/types\/page"}],"author":[{"embeddable":true,"href":"https:\/\/kristoflawgroup.com\/es\/wp-json\/wp\/v2\/users\/1"}],"replies":[{"embeddable":true,"href":"https:\/\/kristoflawgroup.com\/es\/wp-json\/wp\/v2\/comments?post=580"}],"version-history":[{"count":4,"href":"https:\/\/kristoflawgroup.com\/es\/wp-json\/wp\/v2\/pages\/580\/revisions"}],"predecessor-version":[{"id":731,"href":"https:\/\/kristoflawgroup.com\/es\/wp-json\/wp\/v2\/pages\/580\/revisions\/731"}],"wp:attachment":[{"href":"https:\/\/kristoflawgroup.com\/es\/wp-json\/wp\/v2\/media?parent=580"}],"curies":[{"name":"wp","href":"https:\/\/api.w.org\/{rel}","templated":true}]}}