{"id":581,"date":"2022-08-08T20:46:30","date_gmt":"2022-08-08T20:46:30","guid":{"rendered":"https:\/\/kristoflawgroup.com\/betty-espinoza\/"},"modified":"2023-06-12T20:19:17","modified_gmt":"2023-06-12T20:19:17","slug":"betty-espinoza","status":"publish","type":"page","link":"https:\/\/kristoflawgroup.com\/es\/betty-espinoza\/","title":{"rendered":"Betty Espinoza"},"content":{"rendered":"<div id='av_section_1'  class='avia-section av-a2sf4-491b133f75a1bdfab3fcd52a4c8a5415 main_color avia-section-default avia-no-border-styling  avia-builder-el-0  avia-builder-el-no-sibling  avia-bg-style-scroll container_wrap sidebar_right'  ><div class='container av-section-cont-open' ><main  role=\"main\" itemprop=\"mainContentOfPage\"  class='template-page content  av-content-small alpha units'><div class='post-entry post-entry-type-page post-entry-581'><div class='entry-content-wrapper clearfix'>\n\n<style type=\"text\/css\" data-created_by=\"avia_inline_auto\" id=\"style-css-av-scvs0-875c72a985679a91dfa549182d529c01\">\n.flex_column.av-scvs0-875c72a985679a91dfa549182d529c01{\n-webkit-border-radius:0px 0px 0px 0px;\n-moz-border-radius:0px 0px 0px 0px;\nborder-radius:0px 0px 0px 0px;\npadding:0px 0px 0px 0px;\n}\n<\/style>\n<div  class='flex_column av-scvs0-875c72a985679a91dfa549182d529c01 av_one_half  avia-builder-el-1  el_before_av_one_half  avia-builder-el-first  first flex_column_div av-zero-column-padding  '     ><p>\n<style type=\"text\/css\" data-created_by=\"avia_inline_auto\" id=\"style-css-av-7l5ku-71b17cd87841009487f235d970c89009\">\n#top .av-special-heading.av-7l5ku-71b17cd87841009487f235d970c89009{\npadding-bottom:10px;\n}\nbody .av-special-heading.av-7l5ku-71b17cd87841009487f235d970c89009 .av-special-heading-tag .heading-char{\nfont-size:25px;\n}\n.av-special-heading.av-7l5ku-71b17cd87841009487f235d970c89009 .av-subheading{\nfont-size:15px;\n}\n<\/style>\n<div  class='av-special-heading av-7l5ku-71b17cd87841009487f235d970c89009 av-special-heading-h3 blockquote modern-quote  avia-builder-el-2  el_before_av_image  avia-builder-el-first '><h3 class='av-special-heading-tag'  itemprop=\"headline\"  >Betty Espinoza<\/h3><div class='av-subheading av-subheading_below'><p>Paralegal<\/p>\n<\/div><div class=\"special-heading-border\"><div class=\"special-heading-inner-border\"><\/div><\/div><\/div><br \/>\n\n<style type=\"text\/css\" data-created_by=\"avia_inline_auto\" id=\"style-css-av-28zcw-12cd9a49e62aebf11209ed7255f20c53\">\n.avia-image-container.av-28zcw-12cd9a49e62aebf11209ed7255f20c53 img.avia_image{\nbox-shadow:none;\n}\n.avia-image-container.av-28zcw-12cd9a49e62aebf11209ed7255f20c53 .av-image-caption-overlay-center{\ncolor:#ffffff;\n}\n<\/style>\n<div  class='avia-image-container av-28zcw-12cd9a49e62aebf11209ed7255f20c53 av-styling- avia-align-left  avia-builder-el-3  el_after_av_heading  avia-builder-el-last '   itemprop=\"image\" itemscope=\"itemscope\" itemtype=\"https:\/\/schema.org\/ImageObject\" ><div class=\"avia-image-container-inner\"><div class=\"avia-image-overlay-wrap\"><img decoding=\"async\" class='wp-image-572 avia-img-lazy-loading-not-572 avia_image ' src=\"https:\/\/kristoflawgroup.com\/wp-content\/uploads\/2023\/03\/betty.jpg\" alt='' title=''  height=\"1200\" width=\"800\"  itemprop=\"thumbnailUrl\" srcset=\"https:\/\/kristoflawgroup.com\/wp-content\/uploads\/2023\/03\/betty.jpg 800w, https:\/\/kristoflawgroup.com\/wp-content\/uploads\/2023\/03\/betty-200x300.jpg 200w, https:\/\/kristoflawgroup.com\/wp-content\/uploads\/2023\/03\/betty-687x1030.jpg 687w, https:\/\/kristoflawgroup.com\/wp-content\/uploads\/2023\/03\/betty-768x1152.jpg 768w, https:\/\/kristoflawgroup.com\/wp-content\/uploads\/2023\/03\/betty-470x705.jpg 470w\" sizes=\"(max-width: 800px) 100vw, 800px\" \/><\/div><\/div><\/div><\/p><\/div>\n<style type=\"text\/css\" data-created_by=\"avia_inline_auto\" id=\"style-css-av-cjzu8-389c84451ae3a183654f3025e41290cf\">\n.flex_column.av-cjzu8-389c84451ae3a183654f3025e41290cf{\n-webkit-border-radius:0px 0px 0px 0px;\n-moz-border-radius:0px 0px 0px 0px;\nborder-radius:0px 0px 0px 0px;\npadding:0px 0px 0px 0px;\n}\n<\/style>\n<div  class='flex_column av-cjzu8-389c84451ae3a183654f3025e41290cf av_one_half  avia-builder-el-4  el_after_av_one_half  avia-builder-el-last  flex_column_div av-zero-column-padding  '     ><p>\n<style type=\"text\/css\" data-created_by=\"avia_inline_auto\" id=\"style-css-av-l8lxq6oe-f86c3822f9728d1971fe7e14a2ed5e05\">\n#top .hr.hr-invisible.av-l8lxq6oe-f86c3822f9728d1971fe7e14a2ed5e05{\nheight:50px;\n}\n<\/style>\n<div  class='hr av-l8lxq6oe-f86c3822f9728d1971fe7e14a2ed5e05 hr-invisible  avia-builder-el-5  el_before_av_textblock  avia-builder-el-first '><span class='hr-inner '><span class=\"hr-inner-style\"><\/span><\/span><\/div><br \/>\n<section  class='av_textblock_section av-7rck8-e6670b744aff5440c883fa805e3d4791 '   itemscope=\"itemscope\" itemtype=\"https:\/\/schema.org\/CreativeWork\" ><div class='avia_textblock'  itemprop=\"text\" ><p>Betty es originaria de San Fernando, California, pero lleva m\u00e1s de seis a\u00f1os viviendo en Las Vegas.<\/p>\n<p>Betty lleva 6 a\u00f1os y medio en el campo legal y ha disfrutado cada minuto.<\/p>\n<p>Betty desarroll\u00f3 una pasi\u00f3n por el campo legal la cual la llev\u00f3 a completar un Certificado de Paralegal en UNLV.<\/p>\n<p>Betty le encanta ayudar a otras personas y est\u00e1 agradecida de ser parte de la familia Kristof Law Group, trabajando para una oficina que realmente se preocupa y va m\u00e1s all\u00e1 para hacer lo mejor para sus clientes.<\/p>\n<p>Est\u00e1 dispuesta a llegar temprano, quedarse hasta tarde y hacer lo que sea necesario para que su trabajo se haga bien.<\/p>\n<p>Fuera de la oficina, a Betty le gusta hacer ejercicio y el ciclismo. Betty disfruta ir a conciertos, escuchar m\u00fasica, y una buena taza de caf\u00e9.<\/p>\n<p>Y si no est\u00e1 haciendo eso, probablemente est\u00e9 viendo pel\u00edculas de todos los g\u00e9neros o pasando tiempo con sus amigos. Pero lo que m\u00e1s disfruta hacer, es hacer todo esto con su marido y sus dos hijas.<\/p>\n<p>Betty es una orgullosa #DREAMER y est\u00e1 agradecida por las oportunidades y logros que ha podido alcanzar gracias a DACA.<\/p>\n<p>Cree firmemente en la importancia de ayudar a otros so\u00f1adores como ella a hacer realidad sus sue\u00f1os.<\/p>\n<\/div><\/section><\/p><\/div><\/div><\/div><\/main><!-- close content main element --><\/div><\/div><div id='after_section_1'  class='main_color av_default_container_wrap container_wrap sidebar_right'  ><div class='container av-section-cont-open' ><div class='template-page content  av-content-small alpha units'><div class='post-entry post-entry-type-page post-entry-581'><div class='entry-content-wrapper clearfix'>\n","protected":false},"excerpt":{"rendered":"","protected":false},"author":1,"featured_media":0,"parent":0,"menu_order":0,"comment_status":"closed","ping_status":"closed","template":"","meta":{"footnotes":""},"class_list":["post-581","page","type-page","status-publish","hentry"],"_links":{"self":[{"href":"https:\/\/kristoflawgroup.com\/es\/wp-json\/wp\/v2\/pages\/581","targetHints":{"allow":["GET"]}}],"collection":[{"href":"https:\/\/kristoflawgroup.com\/es\/wp-json\/wp\/v2\/pages"}],"about":[{"href":"https:\/\/kristoflawgroup.com\/es\/wp-json\/wp\/v2\/types\/page"}],"author":[{"embeddable":true,"href":"https:\/\/kristoflawgroup.com\/es\/wp-json\/wp\/v2\/users\/1"}],"replies":[{"embeddable":true,"href":"https:\/\/kristoflawgroup.com\/es\/wp-json\/wp\/v2\/comments?post=581"}],"version-history":[{"count":12,"href":"https:\/\/kristoflawgroup.com\/es\/wp-json\/wp\/v2\/pages\/581\/revisions"}],"predecessor-version":[{"id":694,"href":"https:\/\/kristoflawgroup.com\/es\/wp-json\/wp\/v2\/pages\/581\/revisions\/694"}],"wp:attachment":[{"href":"https:\/\/kristoflawgroup.com\/es\/wp-json\/wp\/v2\/media?parent=581"}],"curies":[{"name":"wp","href":"https:\/\/api.w.org\/{rel}","templated":true}]}}