{"id":589,"date":"2020-04-05T20:34:56","date_gmt":"2020-04-05T20:34:56","guid":{"rendered":"https:\/\/kristoflawgroup.com\/acerca-de\/"},"modified":"2024-05-06T20:32:46","modified_gmt":"2024-05-06T20:32:46","slug":"acerca-de","status":"publish","type":"page","link":"https:\/\/kristoflawgroup.com\/es\/acerca-de\/","title":{"rendered":"Nuestro Equipo"},"content":{"rendered":"\n<style type=\"text\/css\" data-created_by=\"avia_inline_auto\" id=\"style-css-av-k8nindh1-e819671b5c9aa38f48321e8a993516bc\">\n#top .hr.hr-invisible.av-k8nindh1-e819671b5c9aa38f48321e8a993516bc{\nheight:10px;\n}\n<\/style>\n<div  class='hr av-k8nindh1-e819671b5c9aa38f48321e8a993516bc hr-invisible  avia-builder-el-0  el_before_av_one_full  avia-builder-el-first '><span class='hr-inner '><span class=\"hr-inner-style\"><\/span><\/span><\/div>\n\n<style type=\"text\/css\" data-created_by=\"avia_inline_auto\" id=\"style-css-av-1avrg-a01e21575f4c382659996535c99c246f\">\n.flex_column.av-1avrg-a01e21575f4c382659996535c99c246f{\n-webkit-border-radius:0px 0px 0px 0px;\n-moz-border-radius:0px 0px 0px 0px;\nborder-radius:0px 0px 0px 0px;\npadding:0px 0px 0px 0px;\n}\n<\/style>\n<div  class='flex_column av-1avrg-a01e21575f4c382659996535c99c246f av_one_full  avia-builder-el-1  el_after_av_hr  avia-builder-el-last  first flex_column_div av-zero-column-padding  '     ><section  class='av_textblock_section av-k8nin38v-2bbd4750887f8b496e9469472fa2fbc6 '   itemscope=\"itemscope\" itemtype=\"https:\/\/schema.org\/CreativeWork\" ><div class='avia_textblock'  itemprop=\"text\" ><h3>\u00bfPor qu\u00e9 elegir Kristof Law Group?<\/h3>\n<p>Ha visto los anuncios y las vallas publicitarias. Ha o\u00eddo los anuncios de radio: \u00abNo cobramos al menos que ganemos. Consulta gratis\u00bb. \u00a1y qu\u00e9!<\/p>\n<p>Todas las oficinas de abogados especializados en lesiones personales (s\u00ed, la mia tambi\u00e9n) los ofrecen. Kristof Law Group proporciona algo mucho m\u00e1s importante y valioso. Sabidur\u00eda. La sabidur\u00eda que viene de la experiencia de haber tratado miles de casos.<\/p>\n<p>Sabidur\u00eda que proviene de tomarse el tiempo necesario para conocer la medicina implicada en cada caso. Y la Sabidur\u00eda que proviene de un verdadero amor por el derecho y el deseo de perfeccionar continuamente mis habilidades y conocimientos como abogado.<\/p>\n<p>Sea cual sea la situaci\u00f3n que presente su caso, pensamos y actuamos utilizando el conocimiento, la experiencia, la comprensi\u00f3n, y el sentido com\u00fan. La sabidur\u00eda es lo que distingue a Kristof Law Group y representaci\u00f3n sabia es lo que obtendr\u00e1 cuando nos elija.<\/p>\n<\/div><\/section><br \/>\n\n<style type=\"text\/css\" data-created_by=\"avia_inline_auto\" id=\"style-css-av-li6dvu54-28f6098aeb72f30e5310ef39e9b76f07\">\n#top .hr.hr-invisible.av-li6dvu54-28f6098aeb72f30e5310ef39e9b76f07{\nheight:25px;\n}\n<\/style>\n<div  class='hr av-li6dvu54-28f6098aeb72f30e5310ef39e9b76f07 hr-invisible  avia-builder-el-3  el_after_av_textblock  el_before_av_heading '><span class='hr-inner '><span class=\"hr-inner-style\"><\/span><\/span><\/div><br \/>\n\n<style type=\"text\/css\" data-created_by=\"avia_inline_auto\" id=\"style-css-av-vpb8-445e81789bb700a2cfc3a5f08e44510c\">\n#top .av-special-heading.av-vpb8-445e81789bb700a2cfc3a5f08e44510c{\nmargin:-20px -20px -20px -20px;\npadding-bottom:0;\n}\nbody .av-special-heading.av-vpb8-445e81789bb700a2cfc3a5f08e44510c .av-special-heading-tag .heading-char{\nfont-size:25px;\n}\n.av-special-heading.av-vpb8-445e81789bb700a2cfc3a5f08e44510c .av-subheading{\nfont-size:15px;\n}\n<\/style>\n<div  class='av-special-heading av-vpb8-445e81789bb700a2cfc3a5f08e44510c av-special-heading-h2 blockquote modern-quote  avia-builder-el-4  el_after_av_hr  el_before_av_hr '><h2 class='av-special-heading-tag'  itemprop=\"headline\"  >Su caso se tratar\u00e1 conforme a nuestros principios fundamentales.<\/h2><div class=\"special-heading-border\"><div class=\"special-heading-inner-border\"><\/div><\/div><\/div><br \/>\n\n<style type=\"text\/css\" data-created_by=\"avia_inline_auto\" id=\"style-css-av-li6dwy3k-870a9b0550d1b9ffb9d6b4af495b4cd3\">\n#top .hr.hr-invisible.av-li6dwy3k-870a9b0550d1b9ffb9d6b4af495b4cd3{\nheight:25px;\n}\n<\/style>\n<div  class='hr av-li6dwy3k-870a9b0550d1b9ffb9d6b4af495b4cd3 hr-invisible  avia-builder-el-5  el_after_av_heading  el_before_av_iconlist '><span class='hr-inner '><span class=\"hr-inner-style\"><\/span><\/span><\/div><br \/>\n\n<style type=\"text\/css\" data-created_by=\"avia_inline_auto\" id=\"style-css-av-k90gah07-e39d3e428d64b1e85c2da04f242b236b\">\n#top .avia-icon-list-container.av-k90gah07-e39d3e428d64b1e85c2da04f242b236b .iconlist_icon{\ncolor:#9b1313;\n}\n#top #wrap_all .avia-icon-list-container.av-k90gah07-e39d3e428d64b1e85c2da04f242b236b .av_iconlist_title{\nfont-size:17px;\ncolor:#9b9b9b;\n}\n<\/style>\n<div  class='avia-icon-list-container av-k90gah07-e39d3e428d64b1e85c2da04f242b236b  avia-builder-el-6  el_after_av_hr  avia-builder-el-last '><ul class='avia-icon-list avia_animate_when_almost_visible avia-icon-list-left av-iconlist-big av-k90gah07-e39d3e428d64b1e85c2da04f242b236b avia-iconlist-animate'>\n<li><div class='iconlist_icon av-ywwc-1a5222437bfee38c03e947ce465208f2 avia-font-entypo-fontello'><span class='iconlist-char' aria-hidden='true' data-av_icon='\ue875' data-av_iconfont='entypo-fontello'><\/span><\/div><article class=\"article-icon-entry av-iconlist-empty\"  itemscope=\"itemscope\" itemtype=\"https:\/\/schema.org\/CreativeWork\" ><div class=\"iconlist_content_wrap\"><header class=\"entry-content-header\"><h4 class='av_iconlist_title iconlist_title  av_inherit_color'  itemprop=\"headline\" >Trabajo duro: Nunca nos cansaremos de trabajar duro. <\/h4><\/header><div class='iconlist_content '  itemprop=\"text\" ><\/div><\/div><footer class=\"entry-footer\"><\/footer><\/article><div class=\"iconlist-timeline\"><\/div><\/li>\n<li><div class='iconlist_icon av-14230-f05631cc46c603954dbdb49adbbb7944 avia-font-entypo-fontello'><span class='iconlist-char' aria-hidden='true' data-av_icon='\ue875' data-av_iconfont='entypo-fontello'><\/span><\/div><article class=\"article-icon-entry av-iconlist-empty\"  itemscope=\"itemscope\" itemtype=\"https:\/\/schema.org\/CreativeWork\" ><div class=\"iconlist_content_wrap\"><header class=\"entry-content-header\"><h4 class='av_iconlist_title iconlist_title  av_inherit_color'  itemprop=\"headline\" >Honestidad: Se le dar\u00e1 una evaluaci\u00f3n honesta de las fortalezas y debilidades de su caso, as\u00ed como el valor de su caso.<\/h4><\/header><div class='iconlist_content '  itemprop=\"text\" ><\/div><\/div><footer class=\"entry-footer\"><\/footer><\/article><div class=\"iconlist-timeline\"><\/div><\/li>\n<li><div class='iconlist_icon av-ymbs-7870293f3ffa6d11b1f34ed9dc677c5d avia-font-entypo-fontello'><span class='iconlist-char' aria-hidden='true' data-av_icon='\ue875' data-av_iconfont='entypo-fontello'><\/span><\/div><article class=\"article-icon-entry av-iconlist-empty\"  itemscope=\"itemscope\" itemtype=\"https:\/\/schema.org\/CreativeWork\" ><div class=\"iconlist_content_wrap\"><header class=\"entry-content-header\"><h4 class='av_iconlist_title iconlist_title  av_inherit_color'  itemprop=\"headline\" >Comunicaci\u00f3n: L\u00edneas de comunicaci\u00f3n abiertas. Si tiene alguna pregunta, no dude en llamarnos. Sus preguntas ser\u00e1n respondidas con sinceridad y sus mensajes devueltos con prontitud.<\/h4><\/header><div class='iconlist_content '  itemprop=\"text\" ><\/div><\/div><footer class=\"entry-footer\"><\/footer><\/article><div class=\"iconlist-timeline\"><\/div><\/li>\n<li><div class='iconlist_icon av-11zxk-7d48f5119c488eeab0c1a52cb425a0c4 avia-font-entypo-fontello'><span class='iconlist-char' aria-hidden='true' data-av_icon='\ue875' data-av_iconfont='entypo-fontello'><\/span><\/div><article class=\"article-icon-entry av-iconlist-empty\"  itemscope=\"itemscope\" itemtype=\"https:\/\/schema.org\/CreativeWork\" ><div class=\"iconlist_content_wrap\"><header class=\"entry-content-header\"><h4 class='av_iconlist_title iconlist_title  av_inherit_color'  itemprop=\"headline\" > Respeto: Se le tratar\u00e1 con respeto y dignidad durante todo el proceso.<\/h4><\/header><div class='iconlist_content '  itemprop=\"text\" ><\/div><\/div><footer class=\"entry-footer\"><\/footer><\/article><div class=\"iconlist-timeline\"><\/div><\/li>\n<\/ul><\/div><\/p><\/div>\n","protected":false},"excerpt":{"rendered":"","protected":false},"author":1,"featured_media":0,"parent":0,"menu_order":0,"comment_status":"closed","ping_status":"closed","template":"","meta":{"footnotes":""},"class_list":["post-589","page","type-page","status-publish","hentry"],"_links":{"self":[{"href":"https:\/\/kristoflawgroup.com\/es\/wp-json\/wp\/v2\/pages\/589","targetHints":{"allow":["GET"]}}],"collection":[{"href":"https:\/\/kristoflawgroup.com\/es\/wp-json\/wp\/v2\/pages"}],"about":[{"href":"https:\/\/kristoflawgroup.com\/es\/wp-json\/wp\/v2\/types\/page"}],"author":[{"embeddable":true,"href":"https:\/\/kristoflawgroup.com\/es\/wp-json\/wp\/v2\/users\/1"}],"replies":[{"embeddable":true,"href":"https:\/\/kristoflawgroup.com\/es\/wp-json\/wp\/v2\/comments?post=589"}],"version-history":[{"count":12,"href":"https:\/\/kristoflawgroup.com\/es\/wp-json\/wp\/v2\/pages\/589\/revisions"}],"predecessor-version":[{"id":847,"href":"https:\/\/kristoflawgroup.com\/es\/wp-json\/wp\/v2\/pages\/589\/revisions\/847"}],"wp:attachment":[{"href":"https:\/\/kristoflawgroup.com\/es\/wp-json\/wp\/v2\/media?parent=589"}],"curies":[{"name":"wp","href":"https:\/\/api.w.org\/{rel}","templated":true}]}}