{"id":596,"date":"2022-08-08T20:56:54","date_gmt":"2022-08-08T20:56:54","guid":{"rendered":"https:\/\/kristoflawgroup.com\/michael-kristof\/"},"modified":"2023-06-27T23:12:37","modified_gmt":"2023-06-27T23:12:37","slug":"michael-kristof","status":"publish","type":"page","link":"https:\/\/kristoflawgroup.com\/es\/michael-kristof\/","title":{"rendered":"Michael Kristof"},"content":{"rendered":"<div id='av_section_1'  class='avia-section av-a2sf4-491b133f75a1bdfab3fcd52a4c8a5415 main_color avia-section-default avia-no-border-styling  avia-builder-el-0  avia-builder-el-no-sibling  avia-bg-style-scroll container_wrap sidebar_right'  ><div class='container av-section-cont-open' ><main  role=\"main\" itemprop=\"mainContentOfPage\"  class='template-page content  av-content-small alpha units'><div class='post-entry post-entry-type-page post-entry-596'><div class='entry-content-wrapper clearfix'>\n\n<style type=\"text\/css\" data-created_by=\"avia_inline_auto\" id=\"style-css-av-scvs0-875c72a985679a91dfa549182d529c01\">\n.flex_column.av-scvs0-875c72a985679a91dfa549182d529c01{\n-webkit-border-radius:0px 0px 0px 0px;\n-moz-border-radius:0px 0px 0px 0px;\nborder-radius:0px 0px 0px 0px;\npadding:0px 0px 0px 0px;\n}\n<\/style>\n<div  class='flex_column av-scvs0-875c72a985679a91dfa549182d529c01 av_one_half  avia-builder-el-1  el_before_av_one_half  avia-builder-el-first  first flex_column_div av-zero-column-padding  '     ><p>\n<style type=\"text\/css\" data-created_by=\"avia_inline_auto\" id=\"style-css-av-7u4w0-22f9e802dd7a7886e8b627188cdaae97\">\n#top .av-special-heading.av-7u4w0-22f9e802dd7a7886e8b627188cdaae97{\npadding-bottom:10px;\n}\nbody .av-special-heading.av-7u4w0-22f9e802dd7a7886e8b627188cdaae97 .av-special-heading-tag .heading-char{\nfont-size:25px;\n}\n.av-special-heading.av-7u4w0-22f9e802dd7a7886e8b627188cdaae97 .av-subheading{\nfont-size:15px;\n}\n<\/style>\n<div  class='av-special-heading av-7u4w0-22f9e802dd7a7886e8b627188cdaae97 av-special-heading-h3 blockquote modern-quote  avia-builder-el-2  el_before_av_image  avia-builder-el-first '><h3 class='av-special-heading-tag'  itemprop=\"headline\"  >  Michael Kristof<\/h3><div class='av-subheading av-subheading_below'><p>Fundador y abogado<\/p>\n<\/div><div class=\"special-heading-border\"><div class=\"special-heading-inner-border\"><\/div><\/div><\/div><br \/>\n\n<style type=\"text\/css\" data-created_by=\"avia_inline_auto\" id=\"style-css-av-28zcw-6c788129096c4b143674304a4ff0c5e6\">\n.avia-image-container.av-28zcw-6c788129096c4b143674304a4ff0c5e6 img.avia_image{\nbox-shadow:none;\n}\n.avia-image-container.av-28zcw-6c788129096c4b143674304a4ff0c5e6 .av-image-caption-overlay-center{\ncolor:#ffffff;\n}\n<\/style>\n<div  class='avia-image-container av-28zcw-6c788129096c4b143674304a4ff0c5e6 av-styling- avia-align-left  avia-builder-el-3  el_after_av_heading  avia-builder-el-last '   itemprop=\"image\" itemscope=\"itemscope\" itemtype=\"https:\/\/schema.org\/ImageObject\" ><div class=\"avia-image-container-inner\"><div class=\"avia-image-overlay-wrap\"><img decoding=\"async\" class='wp-image-561 avia-img-lazy-loading-not-561 avia_image ' src=\"https:\/\/kristoflawgroup.com\/wp-content\/uploads\/2022\/08\/Michael-Kristof-800.jpg\" alt='' title='Michael-Kristof-800'  height=\"1200\" width=\"800\"  itemprop=\"thumbnailUrl\" srcset=\"https:\/\/kristoflawgroup.com\/wp-content\/uploads\/2022\/08\/Michael-Kristof-800.jpg 800w, https:\/\/kristoflawgroup.com\/wp-content\/uploads\/2022\/08\/Michael-Kristof-800-200x300.jpg 200w, https:\/\/kristoflawgroup.com\/wp-content\/uploads\/2022\/08\/Michael-Kristof-800-687x1030.jpg 687w, https:\/\/kristoflawgroup.com\/wp-content\/uploads\/2022\/08\/Michael-Kristof-800-768x1152.jpg 768w, https:\/\/kristoflawgroup.com\/wp-content\/uploads\/2022\/08\/Michael-Kristof-800-470x705.jpg 470w\" sizes=\"(max-width: 800px) 100vw, 800px\" \/><\/div><\/div><\/div><\/p><\/div>\n<style type=\"text\/css\" data-created_by=\"avia_inline_auto\" id=\"style-css-av-cjzu8-389c84451ae3a183654f3025e41290cf\">\n.flex_column.av-cjzu8-389c84451ae3a183654f3025e41290cf{\n-webkit-border-radius:0px 0px 0px 0px;\n-moz-border-radius:0px 0px 0px 0px;\nborder-radius:0px 0px 0px 0px;\npadding:0px 0px 0px 0px;\n}\n<\/style>\n<div  class='flex_column av-cjzu8-389c84451ae3a183654f3025e41290cf av_one_half  avia-builder-el-4  el_after_av_one_half  avia-builder-el-last  flex_column_div av-zero-column-padding  '     ><p>\n<style type=\"text\/css\" data-created_by=\"avia_inline_auto\" id=\"style-css-av-l6o1jasz-be1db26d5274d2d85dda28430966cb87\">\n#top .hr.hr-invisible.av-l6o1jasz-be1db26d5274d2d85dda28430966cb87{\nheight:50px;\n}\n<\/style>\n<div  class='hr av-l6o1jasz-be1db26d5274d2d85dda28430966cb87 hr-invisible  avia-builder-el-5  el_before_av_textblock  avia-builder-el-first '><span class='hr-inner '><span class=\"hr-inner-style\"><\/span><\/span><\/div><br \/>\n<section  class='av_textblock_section av-7rck8-4bfc5c17e573c39223c39991273dcaeb '   itemscope=\"itemscope\" itemtype=\"https:\/\/schema.org\/CreativeWork\" ><div class='avia_textblock'  itemprop=\"text\" ><p><strong>Hola. Gracias por considerar Kristof Law Group.<\/strong><\/p>\n<p>Si alguien me hubiera dicho en 1997, cuando termin\u00e9 la carrera de Derecho, que iba a ser abogado de demandantes por da\u00f1os personales, probablemente me habr\u00eda re\u00eddo.<\/p>\n<p>Ya entonces todos conoc\u00edamos, o cre\u00edamos conocer, la reputaci\u00f3n de \u00abese tipo de abogado\u00bb. Lo peor del barril, cualquier cosa por un d\u00f3lar, tomar todos los casos, churn y quemar los casos para resolverlos y salir por la puerta lo m\u00e1s r\u00e1pido posible, no \u00abreal\u00bb abogados.<\/p>\n<p>Pero es curioso a d\u00f3nde nos lleva la vida. Representar a personas lesionadas por la imprudencia de otros ha sido sin duda el aspecto m\u00e1s gratificante de mis 25 a\u00f1os de carrera como abogado.<\/p>\n<p>Ayudar a personas que se enfrentan a un adversario (las compa\u00f1\u00edas de seguros) que dispone de recursos ilimitados, ser capaz de nivelar el terreno de juego para asegurarme de que no se aprovechan de mis clientes, ayudarles a conseguir los recursos que necesitan para mejorar es un honor para mi equipo y para m\u00ed.<\/p>\n<p>En Kristof Law Group no somos un molino. No hacemos publicidad. No aceptamos todos los casos que entran por nuestra puerta. Le daremos una evaluaci\u00f3n honesta de su caso &#8211; lo bueno y lo malo.<\/p>\n<p>No le enviaremos a otro bufete de abogados porque su abogado no resolvi\u00f3 su caso y tenemos que ir a juicio.<\/p>\n<p>Usted tiene muchas opciones a la hora de elegir un abogado de lesiones personales. Si ha le\u00eddo hasta aqu\u00ed, espero que est\u00e9 dispuesto a llamarnos y ver si podemos ayudarle.<\/p>\n<p>.<\/p>\n<\/div><\/section><br \/>\n\n<style type=\"text\/css\" data-created_by=\"avia_inline_auto\" id=\"style-css-av-l6o1jasz-be1db26d5274d2d85dda28430966cb87\">\n#top .hr.hr-invisible.av-l6o1jasz-be1db26d5274d2d85dda28430966cb87{\nheight:50px;\n}\n<\/style>\n<div  class='hr av-l6o1jasz-be1db26d5274d2d85dda28430966cb87 hr-invisible  avia-builder-el-7  el_after_av_textblock  el_before_av_button '><span class='hr-inner '><span class=\"hr-inner-style\"><\/span><\/span><\/div><br \/>\n<div  class='avia-button-wrap av-l6o2z2p5-85fc4ad945697f480a0fda122a87c9b3-wrap avia-button-center  avia-builder-el-8  el_after_av_hr  avia-builder-el-last '><a href='https:\/\/kristoflawgroup.com\/es\/contacte-con\/'  class='avia-button av-l6o2z2p5-85fc4ad945697f480a0fda122a87c9b3 avia-icon_select-no avia-size-large avia-position-center avia-color-theme-color'  ><span class='avia_iconbox_title' >Perm\u00edtanos ayudarle, p\u00f3ngase en contacto con nosotros hoy mismo.<\/span><\/a><\/div><\/p><\/div><\/div><\/div><\/main><!-- close content main element --><\/div><\/div><div id='after_section_1'  class='main_color av_default_container_wrap container_wrap sidebar_right'  ><div class='container av-section-cont-open' ><div class='template-page content  av-content-small alpha units'><div class='post-entry post-entry-type-page post-entry-596'><div class='entry-content-wrapper clearfix'>\n","protected":false},"excerpt":{"rendered":"","protected":false},"author":1,"featured_media":0,"parent":0,"menu_order":0,"comment_status":"closed","ping_status":"closed","template":"","meta":{"footnotes":""},"class_list":["post-596","page","type-page","status-publish","hentry"],"_links":{"self":[{"href":"https:\/\/kristoflawgroup.com\/es\/wp-json\/wp\/v2\/pages\/596","targetHints":{"allow":["GET"]}}],"collection":[{"href":"https:\/\/kristoflawgroup.com\/es\/wp-json\/wp\/v2\/pages"}],"about":[{"href":"https:\/\/kristoflawgroup.com\/es\/wp-json\/wp\/v2\/types\/page"}],"author":[{"embeddable":true,"href":"https:\/\/kristoflawgroup.com\/es\/wp-json\/wp\/v2\/users\/1"}],"replies":[{"embeddable":true,"href":"https:\/\/kristoflawgroup.com\/es\/wp-json\/wp\/v2\/comments?post=596"}],"version-history":[{"count":5,"href":"https:\/\/kristoflawgroup.com\/es\/wp-json\/wp\/v2\/pages\/596\/revisions"}],"predecessor-version":[{"id":743,"href":"https:\/\/kristoflawgroup.com\/es\/wp-json\/wp\/v2\/pages\/596\/revisions\/743"}],"wp:attachment":[{"href":"https:\/\/kristoflawgroup.com\/es\/wp-json\/wp\/v2\/media?parent=596"}],"curies":[{"name":"wp","href":"https:\/\/api.w.org\/{rel}","templated":true}]}}