{"id":610,"date":"2020-04-05T20:35:12","date_gmt":"2020-04-05T20:35:12","guid":{"rendered":"https:\/\/kristoflawgroup.com\/abogados\/"},"modified":"2023-05-27T19:12:23","modified_gmt":"2023-05-27T19:12:23","slug":"abogados","status":"publish","type":"page","link":"https:\/\/kristoflawgroup.com\/es\/abogados\/","title":{"rendered":"Abogados"},"content":{"rendered":"\n<style type=\"text\/css\" data-created_by=\"avia_inline_auto\" id=\"style-css-av-k9ajptxu-2bc9775d73e14782f010a48987783491\">\n#top .hr.hr-invisible.av-k9ajptxu-2bc9775d73e14782f010a48987783491{\nheight:10px;\n}\n<\/style>\n<div  class='hr av-k9ajptxu-2bc9775d73e14782f010a48987783491 hr-invisible  avia-builder-el-0  el_before_av_two_third  avia-builder-el-first '><span class='hr-inner '><span class=\"hr-inner-style\"><\/span><\/span><\/div>\n\n<style type=\"text\/css\" data-created_by=\"avia_inline_auto\" id=\"style-css-av-1g00u-d9aca650d3a7ee3953be31f7c3cd10b1\">\n.flex_column.av-1g00u-d9aca650d3a7ee3953be31f7c3cd10b1{\n-webkit-border-radius:0px 0px 0px 0px;\n-moz-border-radius:0px 0px 0px 0px;\nborder-radius:0px 0px 0px 0px;\npadding:0px 0px 0px 0px;\n}\n<\/style>\n<div  class='flex_column av-1g00u-d9aca650d3a7ee3953be31f7c3cd10b1 av_two_third  avia-builder-el-1  el_after_av_hr  el_before_av_one_third  first flex_column_div av-zero-column-padding  '     ><section  class='av_textblock_section av-k8niqfkn-f2a75d8518953d61bc85e3589285aacb '   itemscope=\"itemscope\" itemtype=\"https:\/\/schema.org\/CreativeWork\" ><div class='avia_textblock'  itemprop=\"text\" ><h3>Sobre Michael Kristof<\/h3>\n<p>Soy originario de Seattle, Washington. Me licenci\u00e9 en la Universidad Estatal de Washington en 1992.<\/p>\n<p>En 1997 me licenci\u00e9 en Derecho por la Willamette University College of Law de Salem, Oreg\u00f3n. Estoy orgullosa de pertenecer al Cuadro de Honor del Decano y de haberme graduado entre el 15% de los mejores de mi promoci\u00f3n.<\/p>\n<p>Mi carrera empez\u00f3 en Seattle, en un gran bufete de abogados fundado por Bill Gates, padre del fundador de Microsoft, Bill Gates, hijo.<\/p>\n<p>Tras unos a\u00f1os en un gran bufete, tuve el honor de convertirme en Fiscal General Adjunto del Estado de Washington, cargo que ocup\u00e9 hasta que me traslad\u00e9 a Las Vegas en 2002.<\/p>\n<p>Fue despu\u00e9s de mudarme a Las Vegas cuando encontr\u00e9 mi verdadera vocaci\u00f3n: ayudar a los heridos por la imprudencia de otros. Me encanta la oportunidad de igualar las condiciones para quienes, de otro modo, tendr\u00edan que luchar contra las compa\u00f1\u00edas de seguros por su cuenta.<\/p>\n<p>Me enorgullezco de mi conocimiento de la ley, la medicina involucrada en mi sus lesiones y el tratamiento, y de ser capaz de analizar objetivamente y con precisi\u00f3n los puntos fuertes y d\u00e9biles de su caso.<\/p>\n<p>Fund\u00e9 Kristof Law Group para hacer las cosas bien. Si usted est\u00e1 buscando un abogado que le dir\u00e1 durante meses lo grande que es su caso s\u00f3lo para tratar de venderle un mal acuerdo, entonces yo no soy la opci\u00f3n correcta para usted.<\/p>\n<p>Pero si usted quiere un abogado con a\u00f1os de conocimiento y experiencia, trabajar\u00e1 duro, pondr\u00e1 sus intereses primero, y le aconsejar\u00e1 como si usted fuera un miembro de su familia entonces reun\u00e1monos y discutamos su caso.<\/p>\n<\/div><\/section><\/div>\n\n<style type=\"text\/css\" data-created_by=\"avia_inline_auto\" id=\"style-css-av-uro6-0fba3c88c5eea80e3eb606b6d6692d8c\">\n.flex_column.av-uro6-0fba3c88c5eea80e3eb606b6d6692d8c{\n-webkit-border-radius:0px 0px 0px 0px;\n-moz-border-radius:0px 0px 0px 0px;\nborder-radius:0px 0px 0px 0px;\npadding:0px 0px 0px 0px;\n}\n<\/style>\n<div  class='flex_column av-uro6-0fba3c88c5eea80e3eb606b6d6692d8c av_one_third  avia-builder-el-3  el_after_av_two_third  avia-builder-el-last  flex_column_div av-zero-column-padding  '     ><style type=\"text\/css\" data-created_by=\"avia_inline_auto\" id=\"style-css-av-k9ajn1tk-2eb0122a2b67a7dd39b9323b0a9c769c\">\n.avia-image-container.av-k9ajn1tk-2eb0122a2b67a7dd39b9323b0a9c769c img.avia_image{\nbox-shadow:none;\n}\n.avia-image-container.av-k9ajn1tk-2eb0122a2b67a7dd39b9323b0a9c769c .av-image-caption-overlay-center{\ncolor:#ffffff;\n}\n<\/style>\n<div  class='avia-image-container av-k9ajn1tk-2eb0122a2b67a7dd39b9323b0a9c769c av-styling- avia-align-center  avia-builder-el-4  avia-builder-el-no-sibling '   itemprop=\"image\" itemscope=\"itemscope\" itemtype=\"https:\/\/schema.org\/ImageObject\" ><div class=\"avia-image-container-inner\"><div class=\"avia-image-overlay-wrap\"><img decoding=\"async\" class='wp-image-561 avia-img-lazy-loading-not-561 avia_image ' src=\"https:\/\/kristoflawgroup.com\/wp-content\/uploads\/2022\/08\/Michael-Kristof-800.jpg\" alt='' title='Michael-Kristof-800'  height=\"1200\" width=\"800\"  itemprop=\"thumbnailUrl\" srcset=\"https:\/\/kristoflawgroup.com\/wp-content\/uploads\/2022\/08\/Michael-Kristof-800.jpg 800w, https:\/\/kristoflawgroup.com\/wp-content\/uploads\/2022\/08\/Michael-Kristof-800-200x300.jpg 200w, https:\/\/kristoflawgroup.com\/wp-content\/uploads\/2022\/08\/Michael-Kristof-800-687x1030.jpg 687w, https:\/\/kristoflawgroup.com\/wp-content\/uploads\/2022\/08\/Michael-Kristof-800-768x1152.jpg 768w, https:\/\/kristoflawgroup.com\/wp-content\/uploads\/2022\/08\/Michael-Kristof-800-470x705.jpg 470w\" sizes=\"(max-width: 800px) 100vw, 800px\" \/><\/div><\/div><\/div><\/div>\n","protected":false},"excerpt":{"rendered":"","protected":false},"author":1,"featured_media":0,"parent":0,"menu_order":0,"comment_status":"closed","ping_status":"closed","template":"","meta":{"footnotes":""},"class_list":["post-610","page","type-page","status-publish","hentry"],"_links":{"self":[{"href":"https:\/\/kristoflawgroup.com\/es\/wp-json\/wp\/v2\/pages\/610","targetHints":{"allow":["GET"]}}],"collection":[{"href":"https:\/\/kristoflawgroup.com\/es\/wp-json\/wp\/v2\/pages"}],"about":[{"href":"https:\/\/kristoflawgroup.com\/es\/wp-json\/wp\/v2\/types\/page"}],"author":[{"embeddable":true,"href":"https:\/\/kristoflawgroup.com\/es\/wp-json\/wp\/v2\/users\/1"}],"replies":[{"embeddable":true,"href":"https:\/\/kristoflawgroup.com\/es\/wp-json\/wp\/v2\/comments?post=610"}],"version-history":[{"count":2,"href":"https:\/\/kristoflawgroup.com\/es\/wp-json\/wp\/v2\/pages\/610\/revisions"}],"predecessor-version":[{"id":622,"href":"https:\/\/kristoflawgroup.com\/es\/wp-json\/wp\/v2\/pages\/610\/revisions\/622"}],"wp:attachment":[{"href":"https:\/\/kristoflawgroup.com\/es\/wp-json\/wp\/v2\/media?parent=610"}],"curies":[{"name":"wp","href":"https:\/\/api.w.org\/{rel}","templated":true}]}}