{"id":612,"date":"2022-08-08T20:36:45","date_gmt":"2022-08-08T20:36:45","guid":{"rendered":"https:\/\/kristoflawgroup.com\/anahi-martinez\/"},"modified":"2023-06-12T20:03:33","modified_gmt":"2023-06-12T20:03:33","slug":"anahi-martinez","status":"publish","type":"page","link":"https:\/\/kristoflawgroup.com\/es\/anahi-martinez\/","title":{"rendered":"Anah\u00ed Mart\u00ednez"},"content":{"rendered":"<div id='av_section_1'  class='avia-section av-a2sf4-491b133f75a1bdfab3fcd52a4c8a5415 main_color avia-section-default avia-no-border-styling  avia-builder-el-0  avia-builder-el-no-sibling  avia-bg-style-scroll container_wrap sidebar_right'  ><div class='container av-section-cont-open' ><main  role=\"main\" itemprop=\"mainContentOfPage\"  class='template-page content  av-content-small alpha units'><div class='post-entry post-entry-type-page post-entry-612'><div class='entry-content-wrapper clearfix'>\n\n<style type=\"text\/css\" data-created_by=\"avia_inline_auto\" id=\"style-css-av-scvs0-875c72a985679a91dfa549182d529c01\">\n.flex_column.av-scvs0-875c72a985679a91dfa549182d529c01{\n-webkit-border-radius:0px 0px 0px 0px;\n-moz-border-radius:0px 0px 0px 0px;\nborder-radius:0px 0px 0px 0px;\npadding:0px 0px 0px 0px;\n}\n<\/style>\n<div  class='flex_column av-scvs0-875c72a985679a91dfa549182d529c01 av_one_half  avia-builder-el-1  el_before_av_one_half  avia-builder-el-first  first flex_column_div av-zero-column-padding  '     ><p>\n<style type=\"text\/css\" data-created_by=\"avia_inline_auto\" id=\"style-css-av-7z9a8-0e761b4875d269faec4eea9f675ad719\">\n#top .av-special-heading.av-7z9a8-0e761b4875d269faec4eea9f675ad719{\npadding-bottom:10px;\n}\nbody .av-special-heading.av-7z9a8-0e761b4875d269faec4eea9f675ad719 .av-special-heading-tag .heading-char{\nfont-size:25px;\n}\n.av-special-heading.av-7z9a8-0e761b4875d269faec4eea9f675ad719 .av-subheading{\nfont-size:15px;\n}\n<\/style>\n<div  class='av-special-heading av-7z9a8-0e761b4875d269faec4eea9f675ad719 av-special-heading-h3 blockquote modern-quote  avia-builder-el-2  el_before_av_image  avia-builder-el-first '><h3 class='av-special-heading-tag'  itemprop=\"headline\"  >Anah\u00ed Mart\u00ednez<\/h3><div class='av-subheading av-subheading_below'><p>Administradora de casos<\/p>\n<\/div><div class=\"special-heading-border\"><div class=\"special-heading-inner-border\"><\/div><\/div><\/div><br \/>\n\n<style type=\"text\/css\" data-created_by=\"avia_inline_auto\" id=\"style-css-av-28zcw-9d4dd5c5313ffbadca4855bf9ef55f2d\">\n.avia-image-container.av-28zcw-9d4dd5c5313ffbadca4855bf9ef55f2d img.avia_image{\nbox-shadow:none;\n}\n.avia-image-container.av-28zcw-9d4dd5c5313ffbadca4855bf9ef55f2d .av-image-caption-overlay-center{\ncolor:#ffffff;\n}\n<\/style>\n<div  class='avia-image-container av-28zcw-9d4dd5c5313ffbadca4855bf9ef55f2d av-styling- avia-align-left  avia-builder-el-3  el_after_av_heading  avia-builder-el-last '   itemprop=\"image\" itemscope=\"itemscope\" itemtype=\"https:\/\/schema.org\/ImageObject\" ><div class=\"avia-image-container-inner\"><div class=\"avia-image-overlay-wrap\"><img decoding=\"async\" class='wp-image-566 avia-img-lazy-loading-not-566 avia_image ' src=\"https:\/\/kristoflawgroup.com\/wp-content\/uploads\/2022\/08\/Anahi-4-copy.jpg\" alt='' title=''  height=\"1200\" width=\"800\"  itemprop=\"thumbnailUrl\" srcset=\"https:\/\/kristoflawgroup.com\/wp-content\/uploads\/2022\/08\/Anahi-4-copy.jpg 800w, https:\/\/kristoflawgroup.com\/wp-content\/uploads\/2022\/08\/Anahi-4-copy-200x300.jpg 200w, https:\/\/kristoflawgroup.com\/wp-content\/uploads\/2022\/08\/Anahi-4-copy-687x1030.jpg 687w, https:\/\/kristoflawgroup.com\/wp-content\/uploads\/2022\/08\/Anahi-4-copy-768x1152.jpg 768w, https:\/\/kristoflawgroup.com\/wp-content\/uploads\/2022\/08\/Anahi-4-copy-470x705.jpg 470w\" sizes=\"(max-width: 800px) 100vw, 800px\" \/><\/div><\/div><\/div><\/p><\/div>\n<style type=\"text\/css\" data-created_by=\"avia_inline_auto\" id=\"style-css-av-cjzu8-389c84451ae3a183654f3025e41290cf\">\n.flex_column.av-cjzu8-389c84451ae3a183654f3025e41290cf{\n-webkit-border-radius:0px 0px 0px 0px;\n-moz-border-radius:0px 0px 0px 0px;\nborder-radius:0px 0px 0px 0px;\npadding:0px 0px 0px 0px;\n}\n<\/style>\n<div  class='flex_column av-cjzu8-389c84451ae3a183654f3025e41290cf av_one_half  avia-builder-el-4  el_after_av_one_half  avia-builder-el-last  flex_column_div av-zero-column-padding  '     ><p>\n<style type=\"text\/css\" data-created_by=\"avia_inline_auto\" id=\"style-css-av-l6pexvb3-fa480d8fd715867a9a64823a4bce891d\">\n#top .hr.hr-invisible.av-l6pexvb3-fa480d8fd715867a9a64823a4bce891d{\nheight:50px;\n}\n<\/style>\n<div  class='hr av-l6pexvb3-fa480d8fd715867a9a64823a4bce891d hr-invisible  avia-builder-el-5  el_before_av_textblock  avia-builder-el-first '><span class='hr-inner '><span class=\"hr-inner-style\"><\/span><\/span><\/div><br \/>\n<section  class='av_textblock_section av-7rck8-e6670b744aff5440c883fa805e3d4791 '   itemscope=\"itemscope\" itemtype=\"https:\/\/schema.org\/CreativeWork\" ><div class='avia_textblock'  itemprop=\"text\" ><p>Nacida y criada en Las Vegas, Anah\u00ed ha crecido hasta convertirse en una persona apasionada del campo legal y por la lucha de los derechos de las personas. Anahi ha pasado aproximadamente 4 a 5 a\u00f1os en el campo de lesiones personales analizando diferentes casos, aprendiendo y ampliando sus conocimientos en todas y cada una de las formas posibles para servir mejor a sus clientes y adaptarse a cualquier obst\u00e1culo que se le presente.<\/p>\n<p>Anahi est\u00e1 especializada en el departamento de reclamaciones de Kristof Law Group, asegur\u00e1ndose de que todo fluya sin problemas. Anahi se asegura de que los clientes de Kristof Law Groups reciban la atenci\u00f3n y el cuidado que se merecen, desde el primer d\u00eda hasta el d\u00eda en que salen de la oficina con la m\u00e1xima indemnizaci\u00f3n que se merecen.<\/p>\n<p>Anahi estudi\u00f3 en UNLV y fue incluida en la lista de honores por su excelencia acad\u00e9mica. Es muy trabajadora y disciplinada. Se le puede describir como una persona orientada a la consecuci\u00f3n de objetivos. Su objetivo m\u00e1s importante en Kristof Law Group es proporcionar a los clientes comodidad, confianza, y un servicio estelar.<\/p>\n<p>Por encima de todo, el objetivo de Anah\u00ed es atender las necesidades de los clientes y ayudarles. Anahi conoce de primera mano las dificultades de tratar con los seguros maleducados y rudos que no quieren ayudar, o con la gente que se pone agresiva en la carretera despu\u00e9s de un accidente.<\/p>\n<p>Por desgracia, mucha gente intenta aprovecharse de los dem\u00e1s en situaciones como \u00e9sta. Anah\u00ed, sin embargo, se ha apasionado por estas situaciones y lucha por esas personas.<\/p>\n<p>Estando con Kristof Law Group, Anahi ha encontrado un equipo con el que puede construir y crecer. Juntos, su objetivo y prioridad son siempre los clientes y el seguimiento de sus casos en todo momento.<\/p>\n<p>Fuera de la oficina, a Anahi le gusta pasar tiempo con la familia, todo lo que sea de terror, y cualquier cosa verde. Es amante de todo lo relacionado con la naturaleza. Anah\u00ed es aficionada a la jardiner\u00eda y le encanta pasar tiempo en la naturaleza, ya sea en los parques, en las monta\u00f1as, acampando o simplemente apreciando la tierra en todas sus formas. Anah\u00ed tambi\u00e9n participa activamente en el apoyo a causas de fondos de ayuda locales y fuera del pa\u00eds.<\/p>\n<p>Anahi cree firmemente en hacer el bien y difundir la bondad.<\/p>\n<\/div><\/section><\/p><\/div><\/div><\/div><\/main><!-- close content main element --><\/div><\/div><div id='after_section_1'  class='main_color av_default_container_wrap container_wrap sidebar_right'  ><div class='container av-section-cont-open' ><div class='template-page content  av-content-small alpha units'><div class='post-entry post-entry-type-page post-entry-612'><div class='entry-content-wrapper clearfix'>\n","protected":false},"excerpt":{"rendered":"","protected":false},"author":1,"featured_media":0,"parent":0,"menu_order":0,"comment_status":"closed","ping_status":"closed","template":"","meta":{"footnotes":""},"class_list":["post-612","page","type-page","status-publish","hentry"],"_links":{"self":[{"href":"https:\/\/kristoflawgroup.com\/es\/wp-json\/wp\/v2\/pages\/612","targetHints":{"allow":["GET"]}}],"collection":[{"href":"https:\/\/kristoflawgroup.com\/es\/wp-json\/wp\/v2\/pages"}],"about":[{"href":"https:\/\/kristoflawgroup.com\/es\/wp-json\/wp\/v2\/types\/page"}],"author":[{"embeddable":true,"href":"https:\/\/kristoflawgroup.com\/es\/wp-json\/wp\/v2\/users\/1"}],"replies":[{"embeddable":true,"href":"https:\/\/kristoflawgroup.com\/es\/wp-json\/wp\/v2\/comments?post=612"}],"version-history":[{"count":4,"href":"https:\/\/kristoflawgroup.com\/es\/wp-json\/wp\/v2\/pages\/612\/revisions"}],"predecessor-version":[{"id":682,"href":"https:\/\/kristoflawgroup.com\/es\/wp-json\/wp\/v2\/pages\/612\/revisions\/682"}],"wp:attachment":[{"href":"https:\/\/kristoflawgroup.com\/es\/wp-json\/wp\/v2\/media?parent=612"}],"curies":[{"name":"wp","href":"https:\/\/api.w.org\/{rel}","templated":true}]}}