{"id":621,"date":"2022-08-10T19:37:42","date_gmt":"2022-08-10T19:37:42","guid":{"rendered":"https:\/\/kristoflawgroup.com\/pagina-de-inicio-de-la-prueba\/"},"modified":"2023-05-28T18:59:54","modified_gmt":"2023-05-28T18:59:54","slug":"pagina-de-inicio-de-la-prueba","status":"publish","type":"page","link":"https:\/\/kristoflawgroup.com\/es\/pagina-de-inicio-de-la-prueba\/","title":{"rendered":"P\u00e1gina de inicio de la prueba"},"content":{"rendered":"<div id='layer_slider_1'  class='avia-layerslider main_color avia-shadow  avia-builder-el-0  el_before_av_section  avia-builder-el-first  container_wrap sidebar_right'  style='height: 1001px; max-width: 1920px; margin: 0 auto;'  ><\/div>\n\n<style type=\"text\/css\" data-created_by=\"avia_inline_auto\" id=\"style-css-av-k9u8tub2-01ecbb258a63a573f0c7c75df5923dc8\">\n.avia-section.av-k9u8tub2-01ecbb258a63a573f0c7c75df5923dc8{\nbackground-color:#f2f2f2;\nbackground-image:unset;\n}\n<\/style>\n<div id='av_section_1'  class='avia-section av-k9u8tub2-01ecbb258a63a573f0c7c75df5923dc8 main_color avia-section-no-padding avia-no-border-styling  avia-builder-el-1  el_after_av_layerslider  el_before_av_section  avia-bg-style-scroll av-minimum-height av-minimum-height-custom av-height-custom  container_wrap sidebar_right'   data-av_minimum_height_px='120'><div class='container av-section-cont-open' style='height:120px'><div class='template-page content  av-content-small alpha units'><div class='post-entry post-entry-type-page post-entry-621'><div class='entry-content-wrapper clearfix'>\n\n<style type=\"text\/css\" data-created_by=\"avia_inline_auto\" id=\"style-css-av-k9u8uskt-166cc7def45de88be02ec329d6efebdd\">\n\n@media only screen and (min-width: 480px) and (max-width: 767px){ \n#top .av_textblock_section.av-k9u8uskt-166cc7def45de88be02ec329d6efebdd .avia_textblock{\nfont-size:15px;\n}\n}\n\n@media only screen and (max-width: 479px){ \n#top .av_textblock_section.av-k9u8uskt-166cc7def45de88be02ec329d6efebdd .avia_textblock{\nfont-size:10px;\n}\n}\n<\/style>\n<section  class='av_textblock_section av-k9u8uskt-166cc7def45de88be02ec329d6efebdd '   itemscope=\"itemscope\" itemtype=\"https:\/\/schema.org\/CreativeWork\" ><div class='avia_textblock'  itemprop=\"text\" ><h6 style=\"text-align: center;\">Todos los bufetes de lesiones personales, incluido el nuestro, ofrecen: \u00abSin honorarios a menos que ganemos. Consulta gratuita\u00bb. Sinceramente, \u00a1y qu\u00e9!<\/h6>\n<\/div><\/section>\n\n<\/div><\/div><\/div><!-- close content main div --><\/div><\/div>\n<style type=\"text\/css\" data-created_by=\"avia_inline_auto\" id=\"style-css-av-k9tnh2ix-383e6439e2696727cc4a108db3414949\">\n.avia-section.av-k9tnh2ix-383e6439e2696727cc4a108db3414949{\nbackground-repeat:no-repeat;\nbackground-image:url(https:\/\/kristoflawgroup.com\/wp-content\/uploads\/2020\/05\/l-3.jpg);\nbackground-position:50% 50%;\nbackground-attachment:fixed;\n}\n<\/style>\n<div id='av_section_2'  class='avia-section av-k9tnh2ix-383e6439e2696727cc4a108db3414949 main_color avia-section-default avia-no-border-styling  avia-builder-el-3  el_after_av_section  avia-builder-el-last  avia-bg-style-fixed av-minimum-height av-minimum-height-custom av-height-custom  container_wrap sidebar_right'  data-section-bg-repeat='no-repeat' data-av_minimum_height_px='400'><div class='container av-section-cont-open' style='height:400px'><div class='template-page content  av-content-small alpha units'><div class='post-entry post-entry-type-page post-entry-621'><div class='entry-content-wrapper clearfix'>\n\n<style type=\"text\/css\" data-created_by=\"avia_inline_auto\" id=\"style-css-av-k9v3llbz-036845f88ca8184c1c10a3893945b3f4\">\n#top .av-special-heading.av-k9v3llbz-036845f88ca8184c1c10a3893945b3f4{\npadding-bottom:10px;\ncolor:#ffffff;\n}\nbody .av-special-heading.av-k9v3llbz-036845f88ca8184c1c10a3893945b3f4 .av-special-heading-tag .heading-char{\nfont-size:25px;\n}\n.av-special-heading.av-k9v3llbz-036845f88ca8184c1c10a3893945b3f4 .special-heading-inner-border{\nborder-color:#ffffff;\n}\n.av-special-heading.av-k9v3llbz-036845f88ca8184c1c10a3893945b3f4 .av-subheading{\nfont-size:15px;\n}\n<\/style>\n<div  class='av-special-heading av-k9v3llbz-036845f88ca8184c1c10a3893945b3f4 av-special-heading-h5 custom-color-heading blockquote modern-quote modern-centered  avia-builder-el-4  el_before_av_testimonials  avia-builder-el-first '><h5 class='av-special-heading-tag'  itemprop=\"headline\"  >Ofrecemos algo a\u00fan m\u00e1s importante&#8230; \u00a1resultados!<\/h5><div class=\"special-heading-border\"><div class=\"special-heading-inner-border\"><\/div><\/div><\/div>\n\n<style type=\"text\/css\" data-created_by=\"avia_inline_auto\" id=\"style-css-av-k9to5863-ade6a9d5d40fc559eb9441c88b56cd6f\">\n#top .avia-testimonial-wrapper.av-k9to5863-ade6a9d5d40fc559eb9441c88b56cd6f .avia-testimonial-content{\ncolor:#ffffff;\n}\n#top .avia-testimonial-wrapper.av-k9to5863-ade6a9d5d40fc559eb9441c88b56cd6f .avia-testimonial-name{\ncolor:#ffffff;\n}\n.avia-testimonial-wrapper.av-k9to5863-ade6a9d5d40fc559eb9441c88b56cd6f .avia-testimonial-subtitle{\ncolor:#ffffff;\n}\n.avia-testimonial-wrapper.av-k9to5863-ade6a9d5d40fc559eb9441c88b56cd6f .avia-testimonial-link{\ncolor:#ffffff;\n}\n.avia-testimonial-wrapper.av-k9to5863-ade6a9d5d40fc559eb9441c88b56cd6f .avia-slideshow-controls{\ncolor:#ffffff;\n}\n<\/style>\n<div  class='avia-testimonial-wrapper av-k9to5863-ade6a9d5d40fc559eb9441c88b56cd6f avia-slider-testimonials avia-slider-2-testimonials avia_animate_when_almost_visible av-large-testimonial-slider av-slideshow-ui av-control-default av-slider-hover-pause av-slideshow-autoplay av-loop-endless av-loop-manual-endless' data-slideshow-options=\"{&quot;animation&quot;:&quot;fade&quot;,&quot;autoplay&quot;:true,&quot;loop_autoplay&quot;:&quot;endless&quot;,&quot;interval&quot;:5,&quot;loop_manual&quot;:&quot;manual-endless&quot;,&quot;autoplay_stopper&quot;:false,&quot;noNavigation&quot;:false,&quot;bg_slider&quot;:false,&quot;keep_padding&quot;:&quot;&quot;,&quot;hoverpause&quot;:true,&quot;show_slide_delay&quot;:0}\">\n<section class=\"avia-testimonial-row\"><div class='avia-testimonial av-sr1l-12d7aaea0b528064e3bf679ce370f5c6 avia-testimonial-row-1 avia-first-testimonial flex_column no_margin av_one_half'><div class='avia-testimonial_inner'  itemscope=\"itemscope\" itemtype=\"https:\/\/schema.org\/CreativeWork\" ><div class='avia-testimonial-content av_inherit_color'><div class='avia-testimonial-markup-entry-content'  itemprop=\"text\" ><p>Choque automovil\u00edstico contra empresa de gr\u00faas con resultado de lesiones medulares en conductor y pasajero. Establecido globalmente para ambos clientes a su satisfacci\u00f3n.<\/p>\n<\/div><\/div><div class=\"avia-testimonial-meta\"><div class=\"avia-testimonial-arrow-wrap\"><div class=\"avia-arrow\"><\/div><\/div><div class='avia-testimonial-meta-mini'  itemprop=\"author\" itemscope=\"itemscope\" itemtype=\"https:\/\/schema.org\/Person\" ><strong  class='avia-testimonial-name'  itemprop=\"name\" >$3,200,000.00<\/strong><span  class='avia-testimonial-subtitle av_opacity_variation'  itemprop=\"jobTitle\" >Accidente de coche con gr\u00faa <\/span><\/div><\/div><\/div><\/div>\n<div class='avia-testimonial av-s11h-61ccfd9d66c16497e9b0b0a4bf003dd9 avia-testimonial-row-1 flex_column no_margin av_one_half'><div class='avia-testimonial_inner'  itemscope=\"itemscope\" itemtype=\"https:\/\/schema.org\/CreativeWork\" ><div class='avia-testimonial-content av_inherit_color'><div class='avia-testimonial-markup-entry-content'  itemprop=\"text\" ><p>Accidente de tr\u00e1fico contra una empresa de camiones cisterna de combustible que dio lugar a una operaci\u00f3n de columna vertebral y a una importante indemnizaci\u00f3n.<\/p>\n<\/div><\/div><div class=\"avia-testimonial-meta\"><div class=\"avia-testimonial-arrow-wrap\"><div class=\"avia-arrow\"><\/div><\/div><div class='avia-testimonial-meta-mini'  itemprop=\"author\" itemscope=\"itemscope\" itemtype=\"https:\/\/schema.org\/Person\" ><strong  class='avia-testimonial-name'  itemprop=\"name\" >$2,960,000.00<\/strong><span  class='avia-testimonial-subtitle av_opacity_variation'  itemprop=\"jobTitle\" >Accidente de cami\u00f3n <\/span><\/div><\/div><\/div><\/div>\n<div class='avia-testimonial av-xo7d-27e9c6ff50dcfff0e1b0ba502fc9be48 avia-testimonial-row-1 flex_column no_margin av_one_half'><div class='avia-testimonial_inner'  itemscope=\"itemscope\" itemtype=\"https:\/\/schema.org\/CreativeWork\" ><div class='avia-testimonial-content av_inherit_color'><div class='avia-testimonial-markup-entry-content'  itemprop=\"text\" ><p>Accidente de tr\u00e1fico contra un empleado que conduc\u00eda durante el trabajo y que result\u00f3 en una lesi\u00f3n medular y cirug\u00eda.<\/p>\n<\/div><\/div><div class=\"avia-testimonial-meta\"><div class=\"avia-testimonial-arrow-wrap\"><div class=\"avia-arrow\"><\/div><\/div><div class='avia-testimonial-meta-mini'  itemprop=\"author\" itemscope=\"itemscope\" itemtype=\"https:\/\/schema.org\/Person\" ><strong  class='avia-testimonial-name'  itemprop=\"name\" >$2,000,000.00<\/strong><span  class='avia-testimonial-subtitle av_opacity_variation'  itemprop=\"jobTitle\" >Accidente de tr\u00e1fico <\/span><\/div><\/div><\/div><\/div>\n<div class='avia-testimonial av-nm8t-e65904d688fb9010691999e5da162b99 avia-testimonial-row-1 flex_column no_margin av_one_half'><div class='avia-testimonial_inner'  itemscope=\"itemscope\" itemtype=\"https:\/\/schema.org\/CreativeWork\" ><div class='avia-testimonial-content av_inherit_color'><div class='avia-testimonial-markup-entry-content'  itemprop=\"text\" ><p>Accidente automovil\u00edstico contra una empresa de alquiler de coches, con resultado de cirug\u00eda lumbar y una indemnizaci\u00f3n de 1.000.000 de d\u00f3lares.<\/p>\n<\/div><\/div><div class=\"avia-testimonial-meta\"><div class=\"avia-testimonial-arrow-wrap\"><div class=\"avia-arrow\"><\/div><\/div><div class='avia-testimonial-meta-mini'  itemprop=\"author\" itemscope=\"itemscope\" itemtype=\"https:\/\/schema.org\/Person\" ><strong  class='avia-testimonial-name'  itemprop=\"name\" >$1,000,000.00<\/strong><span  class='avia-testimonial-subtitle av_opacity_variation'  itemprop=\"jobTitle\" >Accidente de tr\u00e1fico <\/span><\/div><\/div><\/div><\/div>\n<\/section><div class='avia-slideshow-arrows avia-slideshow-controls' ><a href='#prev' class='prev-slide ' aria-hidden='true' data-av_icon='\ue87c' data-av_iconfont='entypo-fontello'  tabindex='-1'>Anterior<\/a><a href='#next' class='next-slide ' aria-hidden='true' data-av_icon='\ue87d' data-av_iconfont='entypo-fontello'  tabindex='-1'>Posterior<\/a><\/div><\/div>\n<\/div><\/div><\/div><!-- close content main div --><\/div><\/div><div id='after_section_2'  class='main_color av_default_container_wrap container_wrap sidebar_right'  ><div class='container av-section-cont-open' ><div class='template-page content  av-content-small alpha units'><div class='post-entry post-entry-type-page post-entry-621'><div class='entry-content-wrapper clearfix'>\n","protected":false},"excerpt":{"rendered":"","protected":false},"author":1,"featured_media":0,"parent":0,"menu_order":0,"comment_status":"closed","ping_status":"closed","template":"","meta":{"footnotes":""},"class_list":["post-621","page","type-page","status-publish","hentry"],"_links":{"self":[{"href":"https:\/\/kristoflawgroup.com\/es\/wp-json\/wp\/v2\/pages\/621","targetHints":{"allow":["GET"]}}],"collection":[{"href":"https:\/\/kristoflawgroup.com\/es\/wp-json\/wp\/v2\/pages"}],"about":[{"href":"https:\/\/kristoflawgroup.com\/es\/wp-json\/wp\/v2\/types\/page"}],"author":[{"embeddable":true,"href":"https:\/\/kristoflawgroup.com\/es\/wp-json\/wp\/v2\/users\/1"}],"replies":[{"embeddable":true,"href":"https:\/\/kristoflawgroup.com\/es\/wp-json\/wp\/v2\/comments?post=621"}],"version-history":[{"count":2,"href":"https:\/\/kristoflawgroup.com\/es\/wp-json\/wp\/v2\/pages\/621\/revisions"}],"predecessor-version":[{"id":638,"href":"https:\/\/kristoflawgroup.com\/es\/wp-json\/wp\/v2\/pages\/621\/revisions\/638"}],"wp:attachment":[{"href":"https:\/\/kristoflawgroup.com\/es\/wp-json\/wp\/v2\/media?parent=621"}],"curies":[{"name":"wp","href":"https:\/\/api.w.org\/{rel}","templated":true}]}}