{"id":631,"date":"2022-08-08T20:44:58","date_gmt":"2022-08-08T20:44:58","guid":{"rendered":"https:\/\/kristoflawgroup.com\/yazmin-valdivia\/"},"modified":"2023-06-14T19:09:41","modified_gmt":"2023-06-14T19:09:41","slug":"yazmin-valdivia","status":"publish","type":"page","link":"https:\/\/kristoflawgroup.com\/es\/yazmin-valdivia\/","title":{"rendered":"Yazmin Valdivia"},"content":{"rendered":"<div id='av_section_1'  class='avia-section av-a2sf4-491b133f75a1bdfab3fcd52a4c8a5415 main_color avia-section-default avia-no-border-styling  avia-builder-el-0  avia-builder-el-no-sibling  avia-bg-style-scroll container_wrap sidebar_right'  ><div class='container av-section-cont-open' ><main  role=\"main\" itemprop=\"mainContentOfPage\"  class='template-page content  av-content-small alpha units'><div class='post-entry post-entry-type-page post-entry-631'><div class='entry-content-wrapper clearfix'>\n\n<style type=\"text\/css\" data-created_by=\"avia_inline_auto\" id=\"style-css-av-scvs0-875c72a985679a91dfa549182d529c01\">\n.flex_column.av-scvs0-875c72a985679a91dfa549182d529c01{\n-webkit-border-radius:0px 0px 0px 0px;\n-moz-border-radius:0px 0px 0px 0px;\nborder-radius:0px 0px 0px 0px;\npadding:0px 0px 0px 0px;\n}\n<\/style>\n<div  class='flex_column av-scvs0-875c72a985679a91dfa549182d529c01 av_one_half  avia-builder-el-1  el_before_av_one_half  avia-builder-el-first  first flex_column_div av-zero-column-padding  '     ><p>\n<style type=\"text\/css\" data-created_by=\"avia_inline_auto\" id=\"style-css-av-7rgfe-be3361caff46352c6ac4a3338f88587f\">\n#top .av-special-heading.av-7rgfe-be3361caff46352c6ac4a3338f88587f{\npadding-bottom:10px;\n}\nbody .av-special-heading.av-7rgfe-be3361caff46352c6ac4a3338f88587f .av-special-heading-tag .heading-char{\nfont-size:25px;\n}\n.av-special-heading.av-7rgfe-be3361caff46352c6ac4a3338f88587f .av-subheading{\nfont-size:15px;\n}\n<\/style>\n<div  class='av-special-heading av-7rgfe-be3361caff46352c6ac4a3338f88587f av-special-heading-h3 blockquote modern-quote  avia-builder-el-2  el_before_av_image  avia-builder-el-first '><h3 class='av-special-heading-tag'  itemprop=\"headline\"  >Yazmin Valdivia<\/h3><div class='av-subheading av-subheading_below'><p>Administradora de casos<\/p>\n<\/div><div class=\"special-heading-border\"><div class=\"special-heading-inner-border\"><\/div><\/div><\/div><br \/>\n\n<style type=\"text\/css\" data-created_by=\"avia_inline_auto\" id=\"style-css-av-28zcw-0b7a84964f73f2fbe419f79f654ad7e6\">\n.avia-image-container.av-28zcw-0b7a84964f73f2fbe419f79f654ad7e6 img.avia_image{\nbox-shadow:none;\n}\n.avia-image-container.av-28zcw-0b7a84964f73f2fbe419f79f654ad7e6 .av-image-caption-overlay-center{\ncolor:#ffffff;\n}\n<\/style>\n<div  class='avia-image-container av-28zcw-0b7a84964f73f2fbe419f79f654ad7e6 av-styling- avia-align-left  avia-builder-el-3  el_after_av_heading  avia-builder-el-last '   itemprop=\"image\" itemscope=\"itemscope\" itemtype=\"https:\/\/schema.org\/ImageObject\" ><div class=\"avia-image-container-inner\"><div class=\"avia-image-overlay-wrap\"><img decoding=\"async\" class='wp-image-565 avia-img-lazy-loading-not-565 avia_image ' src=\"https:\/\/kristoflawgroup.com\/wp-content\/uploads\/2022\/08\/Yaz-4-800.jpg\" alt='' title=''  height=\"1200\" width=\"800\"  itemprop=\"thumbnailUrl\" srcset=\"https:\/\/kristoflawgroup.com\/wp-content\/uploads\/2022\/08\/Yaz-4-800.jpg 800w, https:\/\/kristoflawgroup.com\/wp-content\/uploads\/2022\/08\/Yaz-4-800-200x300.jpg 200w, https:\/\/kristoflawgroup.com\/wp-content\/uploads\/2022\/08\/Yaz-4-800-687x1030.jpg 687w, https:\/\/kristoflawgroup.com\/wp-content\/uploads\/2022\/08\/Yaz-4-800-768x1152.jpg 768w, https:\/\/kristoflawgroup.com\/wp-content\/uploads\/2022\/08\/Yaz-4-800-470x705.jpg 470w\" sizes=\"(max-width: 800px) 100vw, 800px\" \/><\/div><\/div><\/div><\/p><\/div>\n<style type=\"text\/css\" data-created_by=\"avia_inline_auto\" id=\"style-css-av-cjzu8-389c84451ae3a183654f3025e41290cf\">\n.flex_column.av-cjzu8-389c84451ae3a183654f3025e41290cf{\n-webkit-border-radius:0px 0px 0px 0px;\n-moz-border-radius:0px 0px 0px 0px;\nborder-radius:0px 0px 0px 0px;\npadding:0px 0px 0px 0px;\n}\n<\/style>\n<div  class='flex_column av-cjzu8-389c84451ae3a183654f3025e41290cf av_one_half  avia-builder-el-4  el_after_av_one_half  avia-builder-el-last  flex_column_div av-zero-column-padding  '     ><p>\n<style type=\"text\/css\" data-created_by=\"avia_inline_auto\" id=\"style-css-av-l6peqryf-66d897f9932300bc59345f40cf83ffb2\">\n#top .hr.hr-invisible.av-l6peqryf-66d897f9932300bc59345f40cf83ffb2{\nheight:50px;\n}\n<\/style>\n<div  class='hr av-l6peqryf-66d897f9932300bc59345f40cf83ffb2 hr-invisible  avia-builder-el-5  el_before_av_textblock  avia-builder-el-first '><span class='hr-inner '><span class=\"hr-inner-style\"><\/span><\/span><\/div><br \/>\n<section  class='av_textblock_section av-7rck8-e6670b744aff5440c883fa805e3d4791 '   itemscope=\"itemscope\" itemtype=\"https:\/\/schema.org\/CreativeWork\" ><div class='avia_textblock'  itemprop=\"text\" ><p>Yazmin Valdivia lleva 4 a\u00f1os en el campo legal y desde entonces le fascina. A Yazmin le parece muy interesante las leyes, ya que cree que es terreno para el conocimiento sin fin.<\/p>\n<p>El campo legal le ha ayudado a comprender mejor el comportamiento humano y lo que le rodea. Al participar activamente en lo legal, Yazmin tambi\u00e9n ha ampliado sus conexiones sociales y ha mantenido una mentalidad productiva.<\/p>\n<p>Su posici\u00f3n aqu\u00ed en Kristof Law Group consiste en monitoriar activamente los casos pre-litigacion. Lo que es m\u00e1s importante, es su objetivo e intenci\u00f3n de ofrecer un excelente servicio al cliente. Le encanta ayudar a su equipo a luchar por la justicia y arrojar luz sobre cada caso. Yazmin es excepcionalmente organizada, y una persona orientada a los detalles.<\/p>\n<p>Yazmin cree que la organizaci\u00f3n es clave, ya que aumenta la productividad y ayuda a crear un flujo de comunicaci\u00f3n f\u00e1cil entre sus compa\u00f1eros de equipo, sus clientes y con ella misma. Al final del d\u00eda, su objetivo es ayudar a mantener a sus clientes felices y que tengan una excelente experiencia legal.<\/p>\n<p>Adem\u00e1s de trabajar en el campo legal, a Yazmin le apasiona el arte, la m\u00fasica, y ayudar a su comunidad contribuyendo a causas importantes y apoyando a organizaciones locales. La describen como una persona muy cari\u00f1osa, art\u00edstica y extrovertida. En su tiempo libre, disfruta crear piezas de cer\u00e1mica creativas y \u00fanicas. Crea tazas, macetas, platos, literalmente cualquier cosa, con plastilina.<\/p>\n<p>Es una artista a la que puedes encontrar vendiendo sus creaciones localmente aqu\u00ed en Las Vegas. Cuando no est\u00e1 creando, asiste a conciertos y disfruta de la emoci\u00f3n y la experiencia de la m\u00fasica en vivo. Su musica preferida incluye rock alternativo, rock cl\u00e1sico, pop punk, metalcore y mucho m\u00e1s.<\/p>\n<p>Yazmin estudia dise\u00f1o gr\u00e1fico en la universidad. Espera ser experta y destacar en el mundo de la tecnolog\u00eda, especificamente en la creaci\u00f3n art\u00edstica. Incluso con su vida ocupada y loca, siempre recuerda (y ha estado tan agradecida) que puede hacer lo que ama gracias a DACA.<\/p>\n<p>Yazmin es una orgullosa #DREAMER y est\u00e1 eternamente agradecida por todas las incre\u00edbles oportunidades que se le han presentado en su camino. Ha sido un viaje memorable constante para ella, y todo comienza con Kristof Law Group.<\/p>\n<\/div><\/section><\/p><\/div><\/div><\/div><\/main><!-- close content main element --><\/div><\/div><div id='after_section_1'  class='main_color av_default_container_wrap container_wrap sidebar_right'  ><div class='container av-section-cont-open' ><div class='template-page content  av-content-small alpha units'><div class='post-entry post-entry-type-page post-entry-631'><div class='entry-content-wrapper clearfix'>\n","protected":false},"excerpt":{"rendered":"","protected":false},"author":1,"featured_media":0,"parent":0,"menu_order":0,"comment_status":"closed","ping_status":"closed","template":"","meta":{"footnotes":""},"class_list":["post-631","page","type-page","status-publish","hentry"],"_links":{"self":[{"href":"https:\/\/kristoflawgroup.com\/es\/wp-json\/wp\/v2\/pages\/631","targetHints":{"allow":["GET"]}}],"collection":[{"href":"https:\/\/kristoflawgroup.com\/es\/wp-json\/wp\/v2\/pages"}],"about":[{"href":"https:\/\/kristoflawgroup.com\/es\/wp-json\/wp\/v2\/types\/page"}],"author":[{"embeddable":true,"href":"https:\/\/kristoflawgroup.com\/es\/wp-json\/wp\/v2\/users\/1"}],"replies":[{"embeddable":true,"href":"https:\/\/kristoflawgroup.com\/es\/wp-json\/wp\/v2\/comments?post=631"}],"version-history":[{"count":4,"href":"https:\/\/kristoflawgroup.com\/es\/wp-json\/wp\/v2\/pages\/631\/revisions"}],"predecessor-version":[{"id":699,"href":"https:\/\/kristoflawgroup.com\/es\/wp-json\/wp\/v2\/pages\/631\/revisions\/699"}],"wp:attachment":[{"href":"https:\/\/kristoflawgroup.com\/es\/wp-json\/wp\/v2\/media?parent=631"}],"curies":[{"name":"wp","href":"https:\/\/api.w.org\/{rel}","templated":true}]}}