{"id":648,"date":"2022-08-10T20:54:05","date_gmt":"2022-08-10T20:54:05","guid":{"rendered":"https:\/\/kristoflawgroup.com\/acuerdos-recientes\/"},"modified":"2024-09-27T16:54:18","modified_gmt":"2024-09-27T16:54:18","slug":"acuerdos-recientes","status":"publish","type":"page","link":"https:\/\/kristoflawgroup.com\/es\/acuerdos-recientes\/","title":{"rendered":"Acuerdos recientes"},"content":{"rendered":"\n<style type=\"text\/css\" data-created_by=\"avia_inline_auto\" id=\"style-css-av-l6o5em5i-b3aa4c10873c7f920c8c2343a0c0e6dd\">\n.avia-section.av-l6o5em5i-b3aa4c10873c7f920c8c2343a0c0e6dd{\nbackground-repeat:no-repeat;\nbackground-image:url(https:\/\/kristoflawgroup.com\/wp-content\/uploads\/2022\/08\/settlement-page.jpg);\nbackground-position:50% 50%;\nbackground-attachment:scroll;\n}\n<\/style>\n<div id='av_section_1'  class='avia-section av-l6o5em5i-b3aa4c10873c7f920c8c2343a0c0e6dd main_color avia-section-default avia-no-border-styling  avia-builder-el-0  el_before_av_hr  avia-builder-el-first  avia-bg-style-scroll av-minimum-height av-minimum-height-custom av-height-custom  container_wrap sidebar_right'  data-section-bg-repeat='no-repeat' data-av_minimum_height_px='300'><div class='container av-section-cont-open' style='height:300px'><main  role=\"main\" itemprop=\"mainContentOfPage\"  class='template-page content  av-content-small alpha units'><div class='post-entry post-entry-type-page post-entry-648'><div class='entry-content-wrapper clearfix'>\n\n<style type=\"text\/css\" data-created_by=\"avia_inline_auto\" id=\"style-css-av-l6o5isi4-f4897418667a6b2fe3a0a57c8b06dd7d\">\n#top .av-special-heading.av-l6o5isi4-f4897418667a6b2fe3a0a57c8b06dd7d{\npadding-bottom:10px;\ncolor:#ffffff;\n}\nbody .av-special-heading.av-l6o5isi4-f4897418667a6b2fe3a0a57c8b06dd7d .av-special-heading-tag .heading-char{\nfont-size:25px;\n}\n.av-special-heading.av-l6o5isi4-f4897418667a6b2fe3a0a57c8b06dd7d .special-heading-inner-border{\nborder-color:#ffffff;\n}\n.av-special-heading.av-l6o5isi4-f4897418667a6b2fe3a0a57c8b06dd7d .av-subheading{\nfont-size:15px;\n}\n<\/style>\n<div  class='av-special-heading av-l6o5isi4-f4897418667a6b2fe3a0a57c8b06dd7d av-special-heading-h5 custom-color-heading blockquote modern-quote modern-centered  avia-builder-el-1  avia-builder-el-no-sibling '><h5 class='av-special-heading-tag'  itemprop=\"headline\"  >Acuerdos recientes para nuestros clientes  <\/h5><div class=\"special-heading-border\"><div class=\"special-heading-inner-border\"><\/div><\/div><\/div>\n<\/div><\/div><\/main><!-- close content main element --><\/div><\/div><div id='after_section_1'  class='main_color av_default_container_wrap container_wrap sidebar_right'  ><div class='container av-section-cont-open' ><div class='template-page content  av-content-small alpha units'><div class='post-entry post-entry-type-page post-entry-648'><div class='entry-content-wrapper clearfix'>\n\n<style type=\"text\/css\" data-created_by=\"avia_inline_auto\" id=\"style-css-av-l6o4uq6j-e36d85f77b82e433515bbd496032acad\">\n#top .hr.hr-invisible.av-l6o4uq6j-e36d85f77b82e433515bbd496032acad{\nmargin-top:-25px;\nheight:1px;\n}\n<\/style>\n<div  class='hr av-l6o4uq6j-e36d85f77b82e433515bbd496032acad hr-invisible  avia-builder-el-2  el_after_av_section  el_before_av_testimonials  avia-builder-el-first '><span class='hr-inner '><span class=\"hr-inner-style\"><\/span><\/span><\/div>\n<div  class='avia-testimonial-wrapper av-l6o3a4yo-2b11fc206f6f892c31b5bc3965d6e061 avia-grid-testimonials avia-grid-2-testimonials avia_animate_when_almost_visible av-minimal-grid-style av-boxed-grid-style' >\n<section class=\"avia-testimonial-row\"><div class='avia-testimonial av-lkbrgrny-1-1-0c0864a9216432e2a48462edb878cf6f avia-testimonial-row-1 avia-first-testimonial flex_column no_margin av_one_half'><div class='avia-testimonial_inner'  itemscope=\"itemscope\" itemtype=\"https:\/\/schema.org\/CreativeWork\" ><div class='avia-testimonial-content '><div class='avia-testimonial-markup-entry-content'  itemprop=\"text\" ><h6>Convertimos una oferta inicial de 16.000 $ en un acuerdo de 400.000 $.<\/h6>\n<p>  Nuestro cliente fue embestido por detr\u00e1s a las 4 de la ma\u00f1ana por un conductor que huy\u00f3 del lugar y luego dijo a la polic\u00eda que \u00abse hab\u00eda quedado dormido\u00bb.<br \/>\nCuando intentamos llegar a un acuerdo por el l\u00edmite de 25.000 $ de la p\u00f3liza (nuestro cliente ten\u00eda 13.000 $ de facturas m\u00e9dicas y le hab\u00edan recomendado inyecciones en la columna vertebral que costaban m\u00e1s de 16.000 $), la compa\u00f1\u00eda de seguros dijo que no y s\u00f3lo ofreci\u00f3 16.000 $.<br \/>\nNo \u00edbamos a permitir que la aseguradora se aprovechara as\u00ed de nuestro cliente.<br \/>\nLes dijimos que no y que ahora nunca aceptar\u00edamos sus 25.000 $.<br \/>\nProbablemente la aseguradora pens\u00f3 que nos dar\u00edamos por vencidos.<br \/>\nNo lo hicimos.<br \/>\nNuestro cliente continu\u00f3 su tratamiento para intentar mejorar.<br \/>\nA medida que aumentaban sus facturas m\u00e9dicas, segu\u00edamos presionando a la aseguradora.<br \/>\nAl final aceptaron llegar a un acuerdo por 400.000 d\u00f3lares (375.000 d\u00f3lares m\u00e1s que los l\u00edmites de la p\u00f3liza).<br \/>\nLas compa\u00f1\u00edas de seguros odian hacer esto, pero aqu\u00ed forzamos su mano y no les dejamos otra opci\u00f3n.<br \/>\nCon mucho trabajo y una sabia estrategia legal conseguimos que se hiciera justicia a nuestro cliente y que la aseguradora supiera que no nos echaremos atr\u00e1s y que no permitiremos que se aprovechen de nuestros clientes.<br \/>\nEstamos muy orgullosos del trabajo que hicimos en este caso y del resultado.<br \/>\nY lo que es m\u00e1s importante, \u00a1el cliente tambi\u00e9n est\u00e1 contento!<\/p>\n<\/div><\/div><div class=\"avia-testimonial-meta\"><div class=\"avia-testimonial-arrow-wrap\"><div class=\"avia-arrow\"><\/div><\/div><div class='avia-testimonial-meta-mini'  itemprop=\"author\" itemscope=\"itemscope\" itemtype=\"https:\/\/schema.org\/Person\" ><\/div><\/div><\/div><\/div>\n<div class='avia-testimonial av-lkbrgrny-dcc7a7fe9c552707a94af0cd987338dd avia-testimonial-row-1 avia-last-testimonial flex_column no_margin av_one_half'><div class='avia-testimonial_inner'  itemscope=\"itemscope\" itemtype=\"https:\/\/schema.org\/CreativeWork\" ><div class='avia-testimonial-content '><div class='avia-testimonial-markup-entry-content'  itemprop=\"text\" ><h6>Cliente atropellado por conductor de reparto distra\u00eddo.<\/h6>\n<p>  Un desatento conductor de reparto de un gran minorista on-line sali\u00f3 de un camino privado e intent\u00f3 dar la vuelta en U cruzando dos carriles de tr\u00e1fico en sentido contrario.<br \/>\nNuestro cliente sufri\u00f3 lesiones en el cuello y la parte baja de la espalda que requirieron inyecciones analg\u00e9sicas.<br \/>\nLa primera oferta del demandado fue muy inferior a 100.000 d\u00f3lares.<br \/>\nIntentaron argumentar que nuestro cliente no pod\u00eda estar \u00abtan lesionado\u00bb porque apenas hab\u00eda da\u00f1os materiales visibles en ninguno de los veh\u00edculos (un argumento muy popular y muy falso que las compa\u00f1\u00edas de seguros esgrimen todo el tiempo).<br \/>\nNo nos qued\u00f3 m\u00e1s remedio que presentar una demanda contra el conductor y su compa\u00f1\u00eda.<br \/>\nTras varios meses de duro trabajo en el pleito, conseguimos llegar a un acuerdo en el caso de nuestro cliente por m\u00e1s de 500.000 d\u00f3lares.<\/p>\n<\/div><\/div><div class=\"avia-testimonial-meta\"><div class=\"avia-testimonial-arrow-wrap\"><div class=\"avia-arrow\"><\/div><\/div><div class='avia-testimonial-meta-mini'  itemprop=\"author\" itemscope=\"itemscope\" itemtype=\"https:\/\/schema.org\/Person\" ><\/div><\/div><\/div><\/div><\/section>\n<section class=\"avia-testimonial-row\"><div class='avia-testimonial av-b3rhb-a4318033de7247253fce5d07e1235114 avia-testimonial-row-2 avia-first-testimonial flex_column no_margin av_one_half'><div class='avia-testimonial_inner'  itemscope=\"itemscope\" itemtype=\"https:\/\/schema.org\/CreativeWork\" ><div class='avia-testimonial-content '><div class='avia-testimonial-markup-entry-content'  itemprop=\"text\" ><h6>Cliente herido por un conductor que se dio a la fuga.<\/h6>\n<p>  Nuestro cliente conduc\u00eda para Uber cuando fue embestido por detr\u00e1s. La conductora huy\u00f3 del lugar, pero \u00e9l pudo conseguir su n\u00famero de matr\u00edcula. Hicimos una reclamaci\u00f3n contra su seguro. En un principio denegaron la reclamaci\u00f3n, pero una vez que presentamos la demanda pagaron su p\u00f3liza. El problema: ten\u00eda un m\u00ednimo de 25.000 d\u00f3lares y las facturas m\u00e9dicas del cliente superaban con creces esa cantidad. Hicimos una reclamaci\u00f3n contra la cobertura de motorista con seguro insuficiente de Uber. Finalmente pudimos obtener un acuerdo de aproximadamente 550.000 d\u00f3lares para el cliente. Estamos orgullosos de este acuerdo porque el cliente tuvo varios choques y lesiones previas en los dos a\u00f1os anteriores. La defensa quer\u00eda culpar de las lesiones a esos choques. Pero nos mantuvimos firmes y obtuvimos un acuerdo justo.<\/p>\n<\/div><\/div><div class=\"avia-testimonial-meta\"><div class=\"avia-testimonial-arrow-wrap\"><div class=\"avia-arrow\"><\/div><\/div><div class='avia-testimonial-meta-mini'  itemprop=\"author\" itemscope=\"itemscope\" itemtype=\"https:\/\/schema.org\/Person\" ><\/div><\/div><\/div><\/div>\n<div class='avia-testimonial av-7m0h3-55db7b4752d3d49b40d6798f30c2c28a avia-testimonial-row-2 avia-last-testimonial flex_column no_margin av_one_half'><div class='avia-testimonial_inner'  itemscope=\"itemscope\" itemtype=\"https:\/\/schema.org\/CreativeWork\" ><div class='avia-testimonial-content '><div class='avia-testimonial-markup-entry-content'  itemprop=\"text\" ><h6>Cliente herido por un semirremolque que se salt\u00f3 un sem\u00e1foro en rojo.<\/h6>\n<p>  Nuestro cliente era el pasajero de un coche que fue atropellado por un semirremolque que se salt\u00f3 un sem\u00e1foro en rojo. La clienta sufri\u00f3 lesiones importantes en la columna vertebral. Sin embargo, algunos de los s\u00edntomas del cliente no aparecieron hasta aproximadamente nueve meses despu\u00e9s de la colisi\u00f3n. Adem\u00e1s, la clienta estuvo 15 meses en tratamiento s\u00f3lo dos veces, despu\u00e9s de que le recomendaran una fusi\u00f3n vertebral y un estimulador de la m\u00e9dula espinal. Sab\u00edamos que la oferta inicial del demandado de poco m\u00e1s de 200.000 d\u00f3lares no era justa. Tomamos declaraci\u00f3n a su perito y nos preparamos para el juicio. El demandado, al ver que no \u00edbamos a echarnos atr\u00e1s, acab\u00f3 llegando a un acuerdo por aproximadamente 1.500.000 d\u00f3lares.<\/p>\n<\/div><\/div><div class=\"avia-testimonial-meta\"><div class=\"avia-testimonial-arrow-wrap\"><div class=\"avia-arrow\"><\/div><\/div><div class='avia-testimonial-meta-mini'  itemprop=\"author\" itemscope=\"itemscope\" itemtype=\"https:\/\/schema.org\/Person\" ><\/div><\/div><\/div><\/div><\/section>\n<section class=\"avia-testimonial-row\"><div class='avia-testimonial av-8cydr-2f32884293bf72eaea4d52075fd5a8d4 avia-testimonial-row-3 avia-first-testimonial flex_column no_margin av_one_half'><div class='avia-testimonial_inner'  itemscope=\"itemscope\" itemtype=\"https:\/\/schema.org\/CreativeWork\" ><div class='avia-testimonial-content '><div class='avia-testimonial-markup-entry-content'  itemprop=\"text\" ><h6>Conseguimos para nuestro cliente un acuerdo por el l\u00edmite total de la p\u00f3liza.<\/h6>\n<p>  El cliente hab\u00eda sido rechazado por otros abogados porque le consideraron culpable de causar la colisi\u00f3n. Revisamos el caso e hicimos nuestra propia investigaci\u00f3n independiente. Nos hicimos cargo del caso y convencimos a la compa\u00f1\u00eda de seguros de que la culpa era de su asegurado. Conseguimos para nuestro cliente un acuerdo por la totalidad del l\u00edmite de la p\u00f3liza.<\/p>\n<\/div><\/div><div class=\"avia-testimonial-meta\"><div class=\"avia-testimonial-arrow-wrap\"><div class=\"avia-arrow\"><\/div><\/div><div class='avia-testimonial-meta-mini'  itemprop=\"author\" itemscope=\"itemscope\" itemtype=\"https:\/\/schema.org\/Person\" ><\/div><\/div><\/div><\/div>\n<div class='avia-testimonial av-d0s1r-07f465d91f9cecf7f447a54a92cf3a30 avia-testimonial-row-3 avia-last-testimonial flex_column no_margin av_one_half'><div class='avia-testimonial_inner'  itemscope=\"itemscope\" itemtype=\"https:\/\/schema.org\/CreativeWork\" ><div class='avia-testimonial-content '><div class='avia-testimonial-markup-entry-content'  itemprop=\"text\" ><h6>Se cit\u00f3 err\u00f3neamente a nuestros clientes.<\/h6>\n<p>  Una madre y su hija resultaron heridas cuando un conductor se salt\u00f3 un sem\u00e1foro en rojo. La compa\u00f1\u00eda de seguros de la parte culpable deneg\u00f3 la reclamaci\u00f3n porque nuestro cliente hab\u00eda sido declarado \u00abculpable\u00bb por la compa\u00f1\u00eda de seguros. Investigamos la reclamaci\u00f3n y solicitamos a la polic\u00eda el v\u00eddeo de la c\u00e1mara corporal. Estaba claro que la citaci\u00f3n se hab\u00eda hecho err\u00f3neamente a nuestros clientes. La compa\u00f1\u00eda de seguros del conductor culpable reconsider\u00f3 su denegaci\u00f3n y revoc\u00f3 su decisi\u00f3n. Se conform\u00f3 d\u00e1ndonos la totalidad de los l\u00edmites de la p\u00f3liza.<\/p>\n<\/div><\/div><div class=\"avia-testimonial-meta\"><div class=\"avia-testimonial-arrow-wrap\"><div class=\"avia-arrow\"><\/div><\/div><div class='avia-testimonial-meta-mini'  itemprop=\"author\" itemscope=\"itemscope\" itemtype=\"https:\/\/schema.org\/Person\" ><\/div><\/div><\/div><\/div><\/section>\n<section class=\"avia-testimonial-row\"><div class='avia-testimonial av-b09pj-d3844f010b5fa683bd3ea1df53ba6b7d avia-testimonial-row-4 avia-first-testimonial flex_column no_margin av_one_half'><div class='avia-testimonial_inner'  itemscope=\"itemscope\" itemtype=\"https:\/\/schema.org\/CreativeWork\" ><div class='avia-testimonial-content '><div class='avia-testimonial-markup-entry-content'  itemprop=\"text\" ><h6>El cliente fue atropellado por un coche que sal\u00eda de un centro comercial.<\/h6>\n<p>  Un cliente circulaba en bicicleta en sentido contrario a la circulaci\u00f3n. Fue atropellado por un coche que sal\u00eda del aparcamiento de un centro comercial. Nuestro cliente fue abandonado por los abogados de su anterior gran bufete cuando se enteraron de que hab\u00eda sido citado por circular en sentido contrario a la circulaci\u00f3n. Investigamos el caso y descubrimos que, aunque nuestro cliente circulaba en sentido contrario a la circulaci\u00f3n, el conductor que le atropell\u00f3 no se asegur\u00f3 de que tuviera v\u00eda libre para incorporarse al tr\u00e1fico. La compa\u00f1\u00eda de seguros revoc\u00f3 su denegaci\u00f3n de la reclamaci\u00f3n y pag\u00f3 la totalidad de los l\u00edmites de la p\u00f3liza.<\/p>\n<\/div><\/div><div class=\"avia-testimonial-meta\"><div class=\"avia-testimonial-arrow-wrap\"><div class=\"avia-arrow\"><\/div><\/div><div class='avia-testimonial-meta-mini'  itemprop=\"author\" itemscope=\"itemscope\" itemtype=\"https:\/\/schema.org\/Person\" ><\/div><\/div><\/div><\/div>\n<div class='avia-testimonial av-9nyif-d871ed2a046430fd33b1b7b2bb6ee07b avia-testimonial-row-4 avia-last-testimonial flex_column no_margin av_one_half'><div class='avia-testimonial_inner'  itemscope=\"itemscope\" itemtype=\"https:\/\/schema.org\/CreativeWork\" ><div class='avia-testimonial-content '><div class='avia-testimonial-markup-entry-content'  itemprop=\"text\" ><h6>Obtuvimos un acuerdo para nuestro cliente superior a 800.000 d\u00f3lares.<\/h6>\n<p>  Nuestro joven cliente fue embestido por detr\u00e1s cuando circulaba en un cami\u00f3n de gran tonelaje. No hab\u00eda da\u00f1os visibles en su cami\u00f3n, aunque el coche que \u00e9l ten\u00eda da\u00f1os significativos. Tres meses despu\u00e9s, nuestro cliente volvi\u00f3 a sufrir un choque por alcance. Su anterior abogado resolvi\u00f3 la segunda reclamaci\u00f3n por dinero f\u00e1cil, y al hacerlo puso en peligro la primera reclamaci\u00f3n del cliente. La compa\u00f1\u00eda de seguros del primer caso argument\u00f3 que cualquier lesi\u00f3n importante se debi\u00f3 al segundo choque y que, dado que el cami\u00f3n de nuestro cliente no hab\u00eda sufrido da\u00f1os materiales en el primer choque, no pod\u00eda haber resultado gravemente herido. Contratamos a expertos m\u00e9dicos para revisar el caso, que coincidieron en que nuestro cliente hab\u00eda resultado gravemente herido en el primer accidente. El experto de los demandados dijo que nuestro cliente no estaba herido. En la mediaci\u00f3n obtuvimos un acuerdo para nuestro cliente y su c\u00f3nyuge superior a 800.000 d\u00f3lares.<\/p>\n<\/div><\/div><div class=\"avia-testimonial-meta\"><div class=\"avia-testimonial-arrow-wrap\"><div class=\"avia-arrow\"><\/div><\/div><div class='avia-testimonial-meta-mini'  itemprop=\"author\" itemscope=\"itemscope\" itemtype=\"https:\/\/schema.org\/Person\" ><\/div><\/div><\/div><\/div><\/section>\n<section class=\"avia-testimonial-row\"><div class='avia-testimonial av-72vfj-8fb3b9f3d22ba6ca73efa2b23419063b avia-testimonial-row-5 avia-first-testimonial flex_column no_margin av_one_half'><div class='avia-testimonial_inner'  itemscope=\"itemscope\" itemtype=\"https:\/\/schema.org\/CreativeWork\" ><div class='avia-testimonial-content '><div class='avia-testimonial-markup-entry-content'  itemprop=\"text\" ><h6>Nuestro cliente fue v\u00edctima de una negligencia m\u00e9dica.<\/h6>\n<p>  Nuestro cliente fue v\u00edctima de una negligencia m\u00e9dica. Dados los l\u00edmites de las indemnizaciones por da\u00f1os y perjuicios y la alt\u00edsima tasa de veredictos de la defensa (m\u00e1s del 80%) en los juicios, muchos abogados no aceptan estos casos. Nos reunimos con el cliente y, aunque las probabilidades no estaban a nuestro favor, quisimos ayudarle. Contratamos a expertos para revisar el caso. Ambos coincidieron en que su m\u00e9dico fue negligente al causarle lesiones importantes. Tras intentar llegar a un acuerdo, la compa\u00f1\u00eda de seguros nos oblig\u00f3 y presentamos una demanda. El caso acab\u00f3 resolvi\u00e9ndose por aproximadamente 1.000.000 de d\u00f3lares.<\/p>\n<\/div><\/div><div class=\"avia-testimonial-meta\"><div class=\"avia-testimonial-arrow-wrap\"><div class=\"avia-arrow\"><\/div><\/div><div class='avia-testimonial-meta-mini'  itemprop=\"author\" itemscope=\"itemscope\" itemtype=\"https:\/\/schema.org\/Person\" ><\/div><\/div><\/div><\/div>\n<div class='avia-testimonial av-9sp1b-6cda2bb39b48c030cb9655c52510eaa5 avia-testimonial-row-5 avia-last-testimonial flex_column no_margin av_one_half'><div class='avia-testimonial_inner'  itemscope=\"itemscope\" itemtype=\"https:\/\/schema.org\/CreativeWork\" ><div class='avia-testimonial-content '><div class='avia-testimonial-markup-entry-content'  itemprop=\"text\" ><h6>La pareja de nuestro cliente muri\u00f3 en una colisi\u00f3n con un cami\u00f3n.<\/h6>\n<p>  Trabajaba conduciendo para una gran empresa de camiones con sede en Texas. Viv\u00eda en Nuevo M\u00e9xico. La compa\u00f1\u00eda de seguros de su empresa indic\u00f3 a la familia que Texas no exige un seguro de indemnizaci\u00f3n por accidente laboral y que la empresa no estaba asegurada. T\u00e9cnicamente, esto era correcto. Para colmo, el conductor que caus\u00f3 el accidente no ten\u00eda seguro. La empresa no ten\u00eda cobertura de motorista con seguro insuficiente en su p\u00f3liza de camiones. Habl\u00e9 con un prominente abogado de la ley de camiones en Texas para consultar sobre el caso. Indic\u00f3 que no se pod\u00eda hacer nada. Algo en nuestro instinto nos dec\u00eda que algo no iba bien. No \u00edbamos a dejar pasar esto sin investigar todos los \u00e1ngulos. Resulta que nuestro instinto ten\u00eda raz\u00f3n. La compa\u00f1\u00eda de seguros no contaba toda la historia. Resulta que la empresa ten\u00eda una oficina en Nuevo M\u00e9xico y contaba con una p\u00f3liza de indemnizaci\u00f3n de los trabajadores de Nuevo M\u00e9xico que se aplicaba en este caso. Con la ayuda de un incre\u00edble abogado de Nuevo M\u00e9xico, George Weeth, pudimos presentar una denuncia a tiempo. La aseguradora no tuvo m\u00e1s remedio que admitir su \u00aberror\u00bb al no revelar la p\u00f3liza de Nuevo M\u00e9xico. La familia recibir\u00e1 ahora todo lo que le correspond\u00eda en virtud de la p\u00f3liza de seguro.<\/p>\n<\/div><\/div><div class=\"avia-testimonial-meta\"><div class=\"avia-testimonial-arrow-wrap\"><div class=\"avia-arrow\"><\/div><\/div><div class='avia-testimonial-meta-mini'  itemprop=\"author\" itemscope=\"itemscope\" itemtype=\"https:\/\/schema.org\/Person\" ><\/div><\/div><\/div><\/div><\/section>\n<section class=\"avia-testimonial-row\"><div class='avia-testimonial av-lkbrgrny-1-365f184631a6cc43ae3fbaa1e38e0bce avia-testimonial-row-6 avia-first-testimonial flex_column no_margin av_one_half'><div class='avia-testimonial_inner'  itemscope=\"itemscope\" itemtype=\"https:\/\/schema.org\/CreativeWork\" ><div class='avia-testimonial-content '><div class='avia-testimonial-markup-entry-content'  itemprop=\"text\" ><h6>Nuestro cliente sufri\u00f3 lesiones a manos de un conductor desatento.<\/h6>\n<p>  Esperamos que nuestros conductores profesionales respeten las Normas de Circulaci\u00f3n. Una de las reglas m\u00e1s b\u00e1sicas es \u00abpresta atenci\u00f3n\u00bb. Este conductor no lo hizo y, como resultado, choc\u00f3 contra la parte trasera del coche de nuestro cliente. Hubo muy pocos da\u00f1os materiales en ambos veh\u00edculos. Pero esto no significa que no pueda haber lesiones graves. Nuestro cliente sufri\u00f3 lesiones importantes como consecuencia del accidente. Los da\u00f1os materiales menores pueden suponer un gran obst\u00e1culo a la hora de resolver un caso por un valor justo u obtener un veredicto justo del jurado. Adem\u00e1s de los da\u00f1os materiales menores, el caso de nuestro cliente presentaba otros problemas importantes. Nuestro cliente hab\u00eda tenido varios choques en los 5 a\u00f1os anteriores a nuestro accidente, incluyendo uno seis meses antes que result\u00f3 en cuello y espalda baja. La parte baja de la espalda se hab\u00eda curado s\u00f3lo unos d\u00edas antes de nuestro accidente, el quiropr\u00e1ctico hab\u00eda indicado que el dolor lumbar hab\u00eda desaparecido. La defensa neg\u00f3 la responsabilidad e intent\u00f3 culpar a nuestro cliente porque estaba utilizando Bluetooth para hablar por tel\u00e9fono cuando se produjo el accidente. Luego intentaron culpar a los accidentes anteriores de nuestra clienta de sus lesiones y de la necesidad de su operaci\u00f3n de espalda. Al final convencimos a la defensa de que estaban enfocando mal el asunto y conseguimos que pasaran de su oferta original de 250.000 d\u00f3lares a un acuerdo justo de poco menos de 900.000 d\u00f3lares. Estamos muy orgullosos de nuestro trabajo en este caso y no podr\u00edamos estar m\u00e1s contentos por nuestra clienta, que es una madre soltera muy trabajadora.<\/p>\n<\/div><\/div><div class=\"avia-testimonial-meta\"><div class=\"avia-testimonial-arrow-wrap\"><div class=\"avia-arrow\"><\/div><\/div><div class='avia-testimonial-meta-mini'  itemprop=\"author\" itemscope=\"itemscope\" itemtype=\"https:\/\/schema.org\/Person\" ><\/div><\/div><\/div><\/div>\n<\/section><\/div>\n","protected":false},"excerpt":{"rendered":"","protected":false},"author":1,"featured_media":0,"parent":0,"menu_order":0,"comment_status":"closed","ping_status":"closed","template":"","meta":{"footnotes":""},"class_list":["post-648","page","type-page","status-publish","hentry"],"_links":{"self":[{"href":"https:\/\/kristoflawgroup.com\/es\/wp-json\/wp\/v2\/pages\/648","targetHints":{"allow":["GET"]}}],"collection":[{"href":"https:\/\/kristoflawgroup.com\/es\/wp-json\/wp\/v2\/pages"}],"about":[{"href":"https:\/\/kristoflawgroup.com\/es\/wp-json\/wp\/v2\/types\/page"}],"author":[{"embeddable":true,"href":"https:\/\/kristoflawgroup.com\/es\/wp-json\/wp\/v2\/users\/1"}],"replies":[{"embeddable":true,"href":"https:\/\/kristoflawgroup.com\/es\/wp-json\/wp\/v2\/comments?post=648"}],"version-history":[{"count":15,"href":"https:\/\/kristoflawgroup.com\/es\/wp-json\/wp\/v2\/pages\/648\/revisions"}],"predecessor-version":[{"id":926,"href":"https:\/\/kristoflawgroup.com\/es\/wp-json\/wp\/v2\/pages\/648\/revisions\/926"}],"wp:attachment":[{"href":"https:\/\/kristoflawgroup.com\/es\/wp-json\/wp\/v2\/media?parent=648"}],"curies":[{"name":"wp","href":"https:\/\/api.w.org\/{rel}","templated":true}]}}