{"id":649,"date":"2022-08-08T20:45:46","date_gmt":"2022-08-08T20:45:46","guid":{"rendered":"https:\/\/kristoflawgroup.com\/lupe-navarro\/"},"modified":"2023-06-12T20:45:13","modified_gmt":"2023-06-12T20:45:13","slug":"lupe-navarro","status":"publish","type":"page","link":"https:\/\/kristoflawgroup.com\/es\/lupe-navarro\/","title":{"rendered":"Lupe Navarro"},"content":{"rendered":"<div id='av_section_1'  class='avia-section av-a2sf4-491b133f75a1bdfab3fcd52a4c8a5415 main_color avia-section-default avia-no-border-styling  avia-builder-el-0  avia-builder-el-no-sibling  avia-bg-style-scroll container_wrap sidebar_right'  ><div class='container av-section-cont-open' ><main  role=\"main\" itemprop=\"mainContentOfPage\"  class='template-page content  av-content-small alpha units'><div class='post-entry post-entry-type-page post-entry-649'><div class='entry-content-wrapper clearfix'>\n\n<style type=\"text\/css\" data-created_by=\"avia_inline_auto\" id=\"style-css-av-scvs0-875c72a985679a91dfa549182d529c01\">\n.flex_column.av-scvs0-875c72a985679a91dfa549182d529c01{\n-webkit-border-radius:0px 0px 0px 0px;\n-moz-border-radius:0px 0px 0px 0px;\nborder-radius:0px 0px 0px 0px;\npadding:0px 0px 0px 0px;\n}\n<\/style>\n<div  class='flex_column av-scvs0-875c72a985679a91dfa549182d529c01 av_one_half  avia-builder-el-1  el_before_av_one_half  avia-builder-el-first  first flex_column_div av-zero-column-padding  '     ><p>\n<style type=\"text\/css\" data-created_by=\"avia_inline_auto\" id=\"style-css-av-bu95g-eeb31ad4baf7d6fced66d7df0ae4bfe4\">\n#top .av-special-heading.av-bu95g-eeb31ad4baf7d6fced66d7df0ae4bfe4{\npadding-bottom:10px;\n}\nbody .av-special-heading.av-bu95g-eeb31ad4baf7d6fced66d7df0ae4bfe4 .av-special-heading-tag .heading-char{\nfont-size:25px;\n}\n.av-special-heading.av-bu95g-eeb31ad4baf7d6fced66d7df0ae4bfe4 .av-subheading{\nfont-size:15px;\n}\n<\/style>\n<div  class='av-special-heading av-bu95g-eeb31ad4baf7d6fced66d7df0ae4bfe4 av-special-heading-h3 blockquote modern-quote  avia-builder-el-2  el_before_av_image  avia-builder-el-first '><h3 class='av-special-heading-tag'  itemprop=\"headline\"  >Lupe Navarro<\/h3><div class='av-subheading av-subheading_below'><p>Administrador Superior de casos<\/p>\n<\/div><div class=\"special-heading-border\"><div class=\"special-heading-inner-border\"><\/div><\/div><\/div><br \/>\n\n<style type=\"text\/css\" data-created_by=\"avia_inline_auto\" id=\"style-css-av-28zcw-509cfa2cc831bd2cecac79a9ba41ec8f\">\n.avia-image-container.av-28zcw-509cfa2cc831bd2cecac79a9ba41ec8f img.avia_image{\nbox-shadow:none;\n}\n.avia-image-container.av-28zcw-509cfa2cc831bd2cecac79a9ba41ec8f .av-image-caption-overlay-center{\ncolor:#ffffff;\n}\n<\/style>\n<div  class='avia-image-container av-28zcw-509cfa2cc831bd2cecac79a9ba41ec8f av-styling- avia-align-left  avia-builder-el-3  el_after_av_heading  avia-builder-el-last '   itemprop=\"image\" itemscope=\"itemscope\" itemtype=\"https:\/\/schema.org\/ImageObject\" ><div class=\"avia-image-container-inner\"><div class=\"avia-image-overlay-wrap\"><img decoding=\"async\" class='wp-image-567 avia-img-lazy-loading-not-567 avia_image ' src=\"https:\/\/kristoflawgroup.com\/wp-content\/uploads\/2022\/08\/Lupe-2-copy-2.jpg\" alt='' title=''  height=\"1200\" width=\"800\"  itemprop=\"thumbnailUrl\" srcset=\"https:\/\/kristoflawgroup.com\/wp-content\/uploads\/2022\/08\/Lupe-2-copy-2.jpg 800w, https:\/\/kristoflawgroup.com\/wp-content\/uploads\/2022\/08\/Lupe-2-copy-2-200x300.jpg 200w, https:\/\/kristoflawgroup.com\/wp-content\/uploads\/2022\/08\/Lupe-2-copy-2-687x1030.jpg 687w, https:\/\/kristoflawgroup.com\/wp-content\/uploads\/2022\/08\/Lupe-2-copy-2-768x1152.jpg 768w, https:\/\/kristoflawgroup.com\/wp-content\/uploads\/2022\/08\/Lupe-2-copy-2-470x705.jpg 470w\" sizes=\"(max-width: 800px) 100vw, 800px\" \/><\/div><\/div><\/div><\/p><\/div>\n<style type=\"text\/css\" data-created_by=\"avia_inline_auto\" id=\"style-css-av-cjzu8-389c84451ae3a183654f3025e41290cf\">\n.flex_column.av-cjzu8-389c84451ae3a183654f3025e41290cf{\n-webkit-border-radius:0px 0px 0px 0px;\n-moz-border-radius:0px 0px 0px 0px;\nborder-radius:0px 0px 0px 0px;\npadding:0px 0px 0px 0px;\n}\n<\/style>\n<div  class='flex_column av-cjzu8-389c84451ae3a183654f3025e41290cf av_one_half  avia-builder-el-4  el_after_av_one_half  avia-builder-el-last  flex_column_div av-zero-column-padding  '     ><p>\n<style type=\"text\/css\" data-created_by=\"avia_inline_auto\" id=\"style-css-av-l6pf4u9d-f0165917aa2fb82e2de5aa455c2fdc76\">\n#top .hr.hr-invisible.av-l6pf4u9d-f0165917aa2fb82e2de5aa455c2fdc76{\nheight:50px;\n}\n<\/style>\n<div  class='hr av-l6pf4u9d-f0165917aa2fb82e2de5aa455c2fdc76 hr-invisible  avia-builder-el-5  el_before_av_textblock  avia-builder-el-first '><span class='hr-inner '><span class=\"hr-inner-style\"><\/span><\/span><\/div><br \/>\n<section  class='av_textblock_section av-7rck8-e6670b744aff5440c883fa805e3d4791 '   itemscope=\"itemscope\" itemtype=\"https:\/\/schema.org\/CreativeWork\" ><div class='avia_textblock'  itemprop=\"text\" ><p>Antes de unirse a Kristof Law Group, Lupe trabaj\u00f3 para uno de los abogados de lesiones personales mas conocidos en Las Vegas. Al igual que Michael, decidi\u00f3 cambiar de camino porque quer\u00eda trabajar en un lugar dedicado a los servicios al cliente y a la experiencia del cliente.<\/p>\n<p>Durante el \u00faltimo a\u00f1o, Lupe Navarro ha trabajado incansablemente para los clientes de Kristof Law Group; asegur\u00e1ndose de que obtengan todo lo que se merecen. El cree en ayudar y servir a la gente.<\/p>\n<p>Lupe es un maestro de la eficiencia y afronta cada d\u00eda con una dedicaci\u00f3n inquebrantable a ofrecer una experiencia de servicio positiva a los clientes de la oficina.<\/p>\n<p>Lupe es responsable de las operaciones diarias de la oficina, incluyendo las relaciones con los clientes y el manejo de casos. Lupe es un modelo de conducta ejemplar. Se adapta bien a las distintas exigencias tanto de los compa\u00f1eros como al de los clientes para garantizar que las tareas se completan a satisfacci\u00f3n de todos los involucrados.<\/p>\n<p>Lo que hace que Lupe destaque y brille en su trabajo es que el nunca para. Lupe trabaja constantemente con pasi\u00f3n para sus clientes y est\u00e1 al tanto de cada caso que maneja.<\/p>\n<p>Nunca se le escapa nada y no hay problema con el que no se haya topado. Sus conocimientos y habilidades son la raz\u00f3n por la cual sus clientes le admiran tanto.<\/p>\n<p>En su tiempo libre, disfruta pasarlo con su esposa y sus 4 maravillosos hijos. Se trata de pasar tiempo de calidad con ellos. Ya sea f\u00fatbol, ir a la piscina, o deportes en general, no importa lo que hagan mientras lo hagan juntos.<\/p>\n<p>Es un fan\u00e1tico del f\u00fatbol y le encanta el FC Barcelona. Su jugador de f\u00fatbol favorito es Ronaldinho. En su lista de musica preferida est\u00e1n Coldplay, System of A Down y Zoe. Lupe Navarro cree que Kristof Law Group llena una necesidad en la comunidad.<\/p>\n<p>Lupe cree que hay personas que viven aqu\u00ed mismo y necesitan ayuda. Lupe y Kristof Law Group est\u00e1n aqu\u00ed para ayudar.<\/p>\n<\/div><\/section><\/p><\/div><\/div><\/div><\/main><!-- close content main element --><\/div><\/div><div id='after_section_1'  class='main_color av_default_container_wrap container_wrap sidebar_right'  ><div class='container av-section-cont-open' ><div class='template-page content  av-content-small alpha units'><div class='post-entry post-entry-type-page post-entry-649'><div class='entry-content-wrapper clearfix'>\n","protected":false},"excerpt":{"rendered":"","protected":false},"author":1,"featured_media":0,"parent":0,"menu_order":0,"comment_status":"closed","ping_status":"closed","template":"","meta":{"footnotes":""},"class_list":["post-649","page","type-page","status-publish","hentry"],"_links":{"self":[{"href":"https:\/\/kristoflawgroup.com\/es\/wp-json\/wp\/v2\/pages\/649","targetHints":{"allow":["GET"]}}],"collection":[{"href":"https:\/\/kristoflawgroup.com\/es\/wp-json\/wp\/v2\/pages"}],"about":[{"href":"https:\/\/kristoflawgroup.com\/es\/wp-json\/wp\/v2\/types\/page"}],"author":[{"embeddable":true,"href":"https:\/\/kristoflawgroup.com\/es\/wp-json\/wp\/v2\/users\/1"}],"replies":[{"embeddable":true,"href":"https:\/\/kristoflawgroup.com\/es\/wp-json\/wp\/v2\/comments?post=649"}],"version-history":[{"count":4,"href":"https:\/\/kristoflawgroup.com\/es\/wp-json\/wp\/v2\/pages\/649\/revisions"}],"predecessor-version":[{"id":696,"href":"https:\/\/kristoflawgroup.com\/es\/wp-json\/wp\/v2\/pages\/649\/revisions\/696"}],"wp:attachment":[{"href":"https:\/\/kristoflawgroup.com\/es\/wp-json\/wp\/v2\/media?parent=649"}],"curies":[{"name":"wp","href":"https:\/\/api.w.org\/{rel}","templated":true}]}}