{"id":664,"date":"2022-08-24T17:53:16","date_gmt":"2022-08-24T17:53:16","guid":{"rendered":"https:\/\/kristoflawgroup.com\/por-que-hacemos-lo-que-hacemos\/"},"modified":"2023-06-14T19:13:04","modified_gmt":"2023-06-14T19:13:04","slug":"por-que-hacemos-lo-que-hacemos","status":"publish","type":"page","link":"https:\/\/kristoflawgroup.com\/es\/por-que-hacemos-lo-que-hacemos\/","title":{"rendered":"Por qu\u00e9 hacemos lo que hacemos"},"content":{"rendered":"\n<style type=\"text\/css\" data-created_by=\"avia_inline_auto\" id=\"style-css-av-h2cub-527a1b05f96e9aa134809d3faf00a3f6\">\n.flex_column.av-h2cub-527a1b05f96e9aa134809d3faf00a3f6{\n-webkit-border-radius:0px 0px 0px 0px;\n-moz-border-radius:0px 0px 0px 0px;\nborder-radius:0px 0px 0px 0px;\npadding:0px 0px 0px 0px;\n}\n<\/style>\n<div  class='flex_column av-h2cub-527a1b05f96e9aa134809d3faf00a3f6 av_one_half  avia-builder-el-0  el_before_av_one_half  avia-builder-el-first  first flex_column_div av-zero-column-padding  '     ><section  class='av_textblock_section av-l77x1hmc-858989caa87b87d6cf442fad9d3227ea '   itemscope=\"itemscope\" itemtype=\"https:\/\/schema.org\/CreativeWork\" ><div class='avia_textblock'  itemprop=\"text\" ><h3>Por qu\u00e9 hacemos lo que hacemos<\/h3>\n<p>No nos ver\u00e1 en la televisi\u00f3n ni en vallas publicitarias. No nos escuchara en la radio. No aceptamos todos los casos que entran por nuestra puerta. Nuestro objetivo no es ser la mas grande oficina de abogados en Nevada. Nuestro objetivo es ayudar a quienes sufren lesiones leg\u00edtimas porque alguien no ha respetado las normas de seguridad que todos debemos respetar.<\/p>\n<p>Cuando te lesionas porque un conductor no prest\u00f3 atenci\u00f3n o un empleado de una tienda derram\u00f3 algo en el suelo y no lo limpi\u00f3, las probabilidades est\u00e1n en tu contra. La compa\u00f1\u00eda de seguros va a hacer todo lo posible para asegurarse de que no recibas nada, o lo menos posible.<\/p>\n<p>Por lo general, no tienen ning\u00fan inter\u00e9s en hacer las cosas bien. Dicen que no te han hecho da\u00f1o, o que no te han hecho tanto da\u00f1o como dices.<\/p>\n<p>Te dicen que la salud que te quitaron no vale tanto. A veces incluso te culpan a ti. Dicen \u00ablo has hecho a prop\u00f3sito\u00bb o \u00abhas preparado este choque, es un fraude\u00bb. Hacen ofertas de acuerdo que nunca considerar\u00edan justas si se tratara de su propia reclamaci\u00f3n. Esta es, tristemente, la pura y simple realidad.<\/p>\n<p>Es frustrante ver c\u00f3mo se aprovechan de gente buena, trabajadora e inocente. Y por eso hacemos lo que hacemos: para asegurarnos de que eso no ocurra. Igualamos las condiciones e intentamos hacer las cosas bien. Hacemos todo lo posible por responsabilizar a las compa\u00f1\u00edas de seguros. Eso significa aceptar la responsabilidad Y rendir cuentas por los da\u00f1os causados por sus asegurados.<\/p>\n<p>Hacemos lo que hacemos porque se trata de hacer justicia y de garantizar que no se aprovechan de la gente buena y trabajadora porque no tienen recursos para defenderse por s\u00ed misma.<\/p>\n<p>Lo que hacemos no es f\u00e1cil. Puede ser frustrante. Puede llevar tiempo. Pero intentamos hacerlo de la manera correcta, con honor, integridad y con su mejor inter\u00e9s en primer plano. Lo hacemos cuando hay un reclamo leg\u00edtimo y justo que hacer.<\/p>\n<p>Si ha resultado herido y necesita ayuda, ll\u00e1menos.<\/p>\n<\/div><\/section><\/div>\n<style type=\"text\/css\" data-created_by=\"avia_inline_auto\" id=\"style-css-av-9j2mz-f9c6cdfa166f951ab941df33b693c1e7\">\n.flex_column.av-9j2mz-f9c6cdfa166f951ab941df33b693c1e7{\n-webkit-border-radius:0px 0px 0px 0px;\n-moz-border-radius:0px 0px 0px 0px;\nborder-radius:0px 0px 0px 0px;\npadding:0px 0px 0px 0px;\n}\n<\/style>\n<div  class='flex_column av-9j2mz-f9c6cdfa166f951ab941df33b693c1e7 av_one_half  avia-builder-el-2  el_after_av_one_half  avia-builder-el-last  flex_column_div av-zero-column-padding  '     ><p>\n<style type=\"text\/css\" data-created_by=\"avia_inline_auto\" id=\"style-css-av-l77x6pm5-c1ea8a481883df6144c0fe2d32da25ec\">\n#top .hr.hr-invisible.av-l77x6pm5-c1ea8a481883df6144c0fe2d32da25ec{\nheight:30px;\n}\n<\/style>\n<div  class='hr av-l77x6pm5-c1ea8a481883df6144c0fe2d32da25ec hr-invisible  avia-builder-el-3  el_before_av_image  avia-builder-el-first '><span class='hr-inner '><span class=\"hr-inner-style\"><\/span><\/span><\/div><br \/>\n\n<style type=\"text\/css\" data-created_by=\"avia_inline_auto\" id=\"style-css-av-l77x2qmj-78890615e119fa3eff3b623e1a4fd718\">\n.avia-image-container.av-l77x2qmj-78890615e119fa3eff3b623e1a4fd718 img.avia_image{\nbox-shadow:none;\n}\n.avia-image-container.av-l77x2qmj-78890615e119fa3eff3b623e1a4fd718 .av-image-caption-overlay-center{\ncolor:#ffffff;\n}\n<\/style>\n<div  class='avia-image-container av-l77x2qmj-78890615e119fa3eff3b623e1a4fd718 av-styling- avia-align-center  avia-builder-el-4  el_after_av_hr  avia-builder-el-last '   itemprop=\"image\" itemscope=\"itemscope\" itemtype=\"https:\/\/schema.org\/ImageObject\" ><div class=\"avia-image-container-inner\"><div class=\"avia-image-overlay-wrap\"><img decoding=\"async\" class='wp-image-569 avia-img-lazy-loading-not-569 avia_image ' src=\"https:\/\/kristoflawgroup.com\/wp-content\/uploads\/2022\/09\/Krist-Bros.jpg\" alt='' title=''  height=\"1200\" width=\"800\"  itemprop=\"thumbnailUrl\" srcset=\"https:\/\/kristoflawgroup.com\/wp-content\/uploads\/2022\/09\/Krist-Bros.jpg 800w, https:\/\/kristoflawgroup.com\/wp-content\/uploads\/2022\/09\/Krist-Bros-200x300.jpg 200w, https:\/\/kristoflawgroup.com\/wp-content\/uploads\/2022\/09\/Krist-Bros-687x1030.jpg 687w, https:\/\/kristoflawgroup.com\/wp-content\/uploads\/2022\/09\/Krist-Bros-768x1152.jpg 768w, https:\/\/kristoflawgroup.com\/wp-content\/uploads\/2022\/09\/Krist-Bros-470x705.jpg 470w\" sizes=\"(max-width: 800px) 100vw, 800px\" \/><\/div><\/div><\/div><\/p><\/div><\/p>\n","protected":false},"excerpt":{"rendered":"","protected":false},"author":1,"featured_media":0,"parent":0,"menu_order":0,"comment_status":"closed","ping_status":"closed","template":"","meta":{"footnotes":""},"class_list":["post-664","page","type-page","status-publish","hentry"],"_links":{"self":[{"href":"https:\/\/kristoflawgroup.com\/es\/wp-json\/wp\/v2\/pages\/664","targetHints":{"allow":["GET"]}}],"collection":[{"href":"https:\/\/kristoflawgroup.com\/es\/wp-json\/wp\/v2\/pages"}],"about":[{"href":"https:\/\/kristoflawgroup.com\/es\/wp-json\/wp\/v2\/types\/page"}],"author":[{"embeddable":true,"href":"https:\/\/kristoflawgroup.com\/es\/wp-json\/wp\/v2\/users\/1"}],"replies":[{"embeddable":true,"href":"https:\/\/kristoflawgroup.com\/es\/wp-json\/wp\/v2\/comments?post=664"}],"version-history":[{"count":3,"href":"https:\/\/kristoflawgroup.com\/es\/wp-json\/wp\/v2\/pages\/664\/revisions"}],"predecessor-version":[{"id":700,"href":"https:\/\/kristoflawgroup.com\/es\/wp-json\/wp\/v2\/pages\/664\/revisions\/700"}],"wp:attachment":[{"href":"https:\/\/kristoflawgroup.com\/es\/wp-json\/wp\/v2\/media?parent=664"}],"curies":[{"name":"wp","href":"https:\/\/api.w.org\/{rel}","templated":true}]}}