{"id":870,"date":"2024-05-06T20:56:20","date_gmt":"2024-05-06T20:56:20","guid":{"rendered":"https:\/\/kristoflawgroup.com\/politica-de-privacidad\/"},"modified":"2024-05-06T20:58:38","modified_gmt":"2024-05-06T20:58:38","slug":"politica-de-privacidad","status":"publish","type":"page","link":"https:\/\/kristoflawgroup.com\/es\/politica-de-privacidad\/","title":{"rendered":"Pol\u00edtica de privacidad"},"content":{"rendered":"<section  class='av_textblock_section av-lvvfykta-7128497b6e5a944b5a9be8e6b6ab5e8c '   itemscope=\"itemscope\" itemtype=\"https:\/\/schema.org\/CreativeWork\" ><div class='avia_textblock'  itemprop=\"text\" ><p>En vigor a partir del 6 de mayo de 2024.<\/p>\n<p>Esta Pol\u00edtica de Privacidad (\u00abPol\u00edtica\u00bb) explica las pr\u00e1cticas de intercambio, usos y recopilaci\u00f3n de KRISTOF LAW GROUP.<\/p>\n<p>A menos que se indique lo contrario, esta Pol\u00edtica de Privacidad describe las pr\u00e1cticas de recopilaci\u00f3n, uso e intercambio de informaci\u00f3n de KRISTOF LAW GROUP con respecto al uso que cada persona hace de nuestro sitio web [kristoflawgroup .com] y de los servicios que prestamos a trav\u00e9s de diferentes servidores.<\/p>\n<p>Antes de utilizar o enviar cualquier informaci\u00f3n a trav\u00e9s de nuestros servidores y servicios, revisa esta Pol\u00edtica de Privacidad. Al utilizar nuestro sitio Web y nuestros Servicios, aceptas las pr\u00e1cticas relativas a los datos que se describen en esta declaraci\u00f3n y entiendes que tu informaci\u00f3n se recopila, se utiliza y puede compartirse en relaci\u00f3n con el asunto correspondiente, tal y como se indica en esta Pol\u00edtica de privacidad. Kristof Law Group puede recoger tus datos cuando: (1) te pones en contacto con nosotros a trav\u00e9s de nuestro sitio web, (2) llamas para preguntar sobre asuntos concretos, (3) te pones en contacto con nosotros a trav\u00e9s de nuestros servidores para solicitar asistencia, estado o notificaciones. Kristof Law Group puede utilizar la informaci\u00f3n facilitada para, entre otras cosas, comunicarse contigo en relaci\u00f3n con nuestros servicios.<\/p>\n<p>Si no est\u00e1s de acuerdo con las pol\u00edticas descritas, no env\u00edes ninguna informaci\u00f3n ni utilices nuestros Servicios.<\/p>\n<p>KRISTOF LAW GROUP ha dise\u00f1ado esta pol\u00edtica para mantenerse fiel a los siguientes principios:<\/p>\n<p>1. Las Pol\u00edticas de Privacidad deben ser transparentes y f\u00e1cilmente accesibles.<br \/>\n2. La recogida, intercambio y tratamiento de cualquier dato debe ser lo m\u00e1s sencillo posible para mejorar la seguridad y garantizar la coherencia.<br \/>\n3. Llevar a cabo las tareas y cumplir con la satisfacci\u00f3n del cliente solicitando y\/o proporcionando informaci\u00f3n, avisos y actualizaciones.<\/p>\n<p>Kristof Law Group no vende ni alquila la informaci\u00f3n de sus clientes a terceros.<\/p>\n<p>Sin embargo, Kristof Law Group puede ponerse en contacto contigo a trav\u00e9s de diferentes servidores. En tales casos, tu correo electr\u00f3nico, nombre, n\u00famero de tel\u00e9fono, pueden ser transferidos a un tercero. Todos y cada uno de los terceros tienen prohibido utilizar tu informaci\u00f3n personal excepto para proporcionar dicha informaci\u00f3n a Kristof Law Group, y est\u00e1n obligados a mantener la confidencialidad de tu informaci\u00f3n.<\/p>\n<p>Kristof Law Group se reserva el derecho a revisar esta Pol\u00edtica cuando sea necesario.<\/p>\n<p>Kristof Law Group agradece cualquier pregunta o comentario sobre esta Pol\u00edtica. Por favor, env\u00eda cualquier consulta a la direcci\u00f3n abajo indicada:<\/p>\n<p>Kristof Law Group<br \/>\n1055 Whitney Ranch Dr., Ste. 220<br \/>\nHenderson, NV 89014<\/p>\n<p>Correo electr\u00f3nico: <a href=\"mailto:frontdesk@kristoflawgroup.com\">frontdesk@kristoflawgroup.com<\/a><\/p>\n<\/div><\/section>\n","protected":false},"excerpt":{"rendered":"","protected":false},"author":1,"featured_media":0,"parent":0,"menu_order":0,"comment_status":"closed","ping_status":"closed","template":"","meta":{"footnotes":""},"class_list":["post-870","page","type-page","status-publish","hentry"],"_links":{"self":[{"href":"https:\/\/kristoflawgroup.com\/es\/wp-json\/wp\/v2\/pages\/870","targetHints":{"allow":["GET"]}}],"collection":[{"href":"https:\/\/kristoflawgroup.com\/es\/wp-json\/wp\/v2\/pages"}],"about":[{"href":"https:\/\/kristoflawgroup.com\/es\/wp-json\/wp\/v2\/types\/page"}],"author":[{"embeddable":true,"href":"https:\/\/kristoflawgroup.com\/es\/wp-json\/wp\/v2\/users\/1"}],"replies":[{"embeddable":true,"href":"https:\/\/kristoflawgroup.com\/es\/wp-json\/wp\/v2\/comments?post=870"}],"version-history":[{"count":6,"href":"https:\/\/kristoflawgroup.com\/es\/wp-json\/wp\/v2\/pages\/870\/revisions"}],"predecessor-version":[{"id":876,"href":"https:\/\/kristoflawgroup.com\/es\/wp-json\/wp\/v2\/pages\/870\/revisions\/876"}],"wp:attachment":[{"href":"https:\/\/kristoflawgroup.com\/es\/wp-json\/wp\/v2\/media?parent=870"}],"curies":[{"name":"wp","href":"https:\/\/api.w.org\/{rel}","templated":true}]}}